{"id":40,"date":"2025-08-21T07:50:52","date_gmt":"2025-08-21T07:50:52","guid":{"rendered":"http:\/\/pisces.la-studioweb.com\/?page_id=40"},"modified":"2025-12-26T14:13:46","modified_gmt":"2025-12-26T14:13:46","slug":"demo-01","status":"publish","type":"page","link":"https:\/\/gdz-design.com\/clientes\/ceciliateruel\/","title":{"rendered":"Cecila Teruel"},"content":{"rendered":"<div class=\"wpb-content-wrapper\"><p>[vc_row][vc_column][rev_slider_vc alias=\u00bbslider-1&#8243; el_class=\u00bbmargin-bottom-0&#8243;][\/vc_column][\/vc_row][vc_row][vc_column][la_divider height=\u00bblg:100px;mb:40px;\u00bb][\/vc_column][\/vc_row][vc_row content_placement=\u00bbmiddle\u00bb][vc_column width=\u00bb5\/12&#8243;][la_heading alignment=\u00bbleft\u00bb title=\u00bbCecilia Teruel\u00bb subtitle_class=\u00bblight font-size-16&#8243; title_color=\u00bb#847C77&#8243;]Nac\u00ed, vivo y trabajo en <strong>Santiago del Estero, Argentina<\/strong>, un espacio que nutre y orienta mis preguntas y procesos.<\/p>\n<p>Soy <strong>artista visual<\/strong> y mi pr\u00e1ctica se centra en la <strong>escultura<\/strong>.<br \/>\nEsta pr\u00e1ctica se teje entre lo individual y lo colectivo, entre la materia, la memoria y el territorio.<\/p>\n<p>Soy Licenciada en Artes Pl\u00e1sticas por la <em>Universidad Nacional de Tucum\u00e1n<\/em> y Especialista en Estudios Culturales por la <em>Universidad Nacional de Santiago del Estero<\/em>.<\/p>\n<p>Adem\u00e1s de mi producci\u00f3n art\u00edstica, me desempe\u00f1o como <strong>investigadora<\/strong> y <strong>docente<\/strong>, y participo activamente en la escena local, donde con frecuencia asumo roles de <em>curadur\u00eda<\/em> y <em>gesti\u00f3n cultural<\/em>.[\/la_heading][\/vc_column][vc_column width=\u00bb1\/12&#8243; offset=\u00bbvc_hidden-xs\u00bb][\/vc_column][vc_column width=\u00bb6\/12&#8243;][la_divider height=\u00bbmb:35px;\u00bb][vc_single_image image=\u00bb2030&#8243; img_size=\u00bbfull\u00bb css=\u00bb\u00bb][la_divider height=\u00bbmb:10px;\u00bb][\/vc_column][\/vc_row][vc_row][vc_column width=\u00bb5\/12&#8243; offset=\u00bbvc_hidden-xs\u00bb][\/vc_column][vc_column width=\u00bb1\/12&#8243; offset=\u00bbvc_hidden-xs\u00bb][\/vc_column][vc_column width=\u00bb6\/12&#8243;][vc_tta_accordion style=\u00bbmodern\u00bb color=\u00bbwhite\u00bb c_icon=\u00bbchevron\u00bb c_position=\u00bbright\u00bb active_section=\u00bbk\u00bb no_fill=\u00bbtrue\u00bb collapsible_all=\u00bbtrue\u00bb][vc_tta_section title=\u00bbMi CV\u00bb tab_id=\u00bbmi-cv\u00bb][la_heading alignment=\u00bbleft\u00bb subtitle_class=\u00bblight font-size-16&#8243; title_color=\u00bb#847C77&#8243;]<strong>Estudios de grado<\/strong><br \/>\nLicenciada en Artes Pla\u0301sticas \u2013 especialidad Escultura- Facultad de Artes. Universidad Nacional de Tucuma\u0301n. An\u0303o1994.<br \/>\nDise\u00f1adora de Interiores. Universidad Nacional de Tucum\u00e1n. 1992<\/p>\n<p><strong>Postgrados <\/strong><br \/>\nEpistemologi\u0301a de la Historia del Arte. Universidad Nacional de Tucuma\u0301n.<br \/>\nGestio\u0301n Cultural. .J.P. Mellado. Universidad Nacional de Tucuma\u0301n<br \/>\nEspecializacio\u0301n en Estudios Culturales . Universidad Nacional de Santiago del Estero.<\/p>\n<p><strong>Otros<\/strong><br \/>\nCli\u0301nica de ana\u0301lisis de obra y estudios este\u0301tica. Andre\u0301s Labake. 2010 2012.<br \/>\nCli\u0301nica de ana\u0301lisis y reflexio\u0301n Fondo nacional de las Artes. Con Fernando Farina y Pablo de Monte. en 2009 y Con Rafael Chipollini. 2013. Santiago Tucuma\u0301n.<br \/>\nIntegrante del equipo de restauracio\u0301n y conservacio\u0301n del Museo de Arte Sacro \u201cSan Francisco Solano\u201d. 2007-2009.<br \/>\nArtista referente en la etapa formadores del programa Escena P\u00fablica, Salta, 2016. 2017. Docente en los talleres regionales .<br \/>\nCuradurias : En Museo Provincial de Bellas Artes Ram\u00f3n G\u00f3mez Cornet , Centro Cultural del Bicentenario: Muestras de patrimonio del MBARGC de Grabado : \u201cDialogos en l\u00ednea\u201d, en Abril 2019 , y curadur\u00eda de muestra de Patrimonio : \u201cPatrimonio,\u201d en noviembre 2019. Casa Arga\u00f1araz Alcorta, Municipalidad de Santiago del Estero:muestra Homenaje a Adriana Ramos Taboada, y Muestra Homenaje a Mario Martinez . Amazonia de Hersilia Alvarez en 2025.<\/p>\n<p>Disertante por \u00e1rea Cultura y Artes en firma de Agenda para el desarrollo sostenible de la ONU. Santiago del Estero, 2018.<br \/>\nJurado Interfaces regional Santiago del Estero- Tucum\u00e1n, con Patricia Hakim. A\u00f1o 2012 .<br \/>\nJurado Salon Nacional de Tucum\u00e1n para el ambito nacional 2019.<br \/>\nJurado Premio Nacional a la Trayectoria Art\u00edstica , 110\u00ba Sal\u00f3n Nacional de Artes Visuales .<br \/>\nJurado 7 Sal\u00f3n Municipal de Artes Visuales , Santiago del Estero. Mediano Formato. 2025. Escultura.<\/p>\n<p><strong>Plataformas arti\u0301sticas <\/strong><br \/>\nIntegrante del grupo \u201cEncontrarte\u201d de Arte pu\u0301blico intervencio\u0301n urbana 2004- 2021.<br \/>\nIntegrante del colectivo arti\u0301stico \u201c Orqui\u0301deas y avispo hacen rizoma\u201d.<\/p>\n<p>Socia fundadora y Presidente de N\u0303AN Asociacio\u0301n de Artistas Pla\u0301sticos de Sgo del Estero.<\/p>\n<p><strong>Distinciones<\/strong><br \/>\n\u201cCongreso de Tucum\u00e1n. 200 A\u00f1os de arte argentino. Di\u00e1logo entre obras del patrimonio del Museo Nacional de Bellas Artes y artistas contempor\u00e1neos, 2016,2017. Tucum\u00e1n, Rosario, Mar del Plata, Neuqu\u00e9n, C\u00f3rdoba, San Juan, Salta.<br \/>\nTercer Premio Escultura 112 Sal\u00f3n Nacional de Artes Visuales. 2025 Palacio Libertad. CABA.<br \/>\nPrimer Premio XXXIX Salo\u0301n de Tucuma\u0301n para el A\u0301mbito Nacional Escultura. 2010 y Menci\u00f3n en el a\u00f1o 2018.<br \/>\nPrimer Premio Sal\u00f3n Peque\u00f1o formato Escultura. Municipalidad de la Capital Santiago del Estero . 2019<br \/>\nMenci\u00f3n Escultura 104\u00aa Sal\u00f3n Nacional de Artes Visuales 2015. Palais de Glace. CABA.<br \/>\nMencio\u0301n Escultura LVIII Salo\u0301n Manuel Belgrano. 2013. Museo Si\u0301vori. CABA.<br \/>\nPrimera Mencio\u0301n I Salo\u0301n Provincial de Artes Visuales de Santiago del Estero.<br \/>\nPrimer Premio Escultura: \u201cSalo\u0301n Nacional de Ceres 2004\u201d Santa Fe\u0301. Argentina.<br \/>\nPrimer Premio Escultura Concurso Colegio de Me\u0301dicos. 2006. S. del E. Argentina.<br \/>\nPremio Escultura; \u201cConcurso de Escultura Municipalidad de la Capital de Santiago del Estero\u201d An\u0303o 1994.<br \/>\nPremio Ricardo Rojas 2024 a la labor en Pl\u00e1stica. Municipalidad de la Capital, Santiago del Estero.<\/p>\n<p><strong>Exposiciones individuales<\/strong><\/p>\n<p>Museo provincial de Bellas Artes \u201cRam\u00f3n G\u00f3mez Cornet, Centro Cultural del Bicentenario, Santiago del Estero . Septiembre 2017. \u201cDevenir signo \u201c<br \/>\nMuseo Timoteo Navarro. Muestra Entrelineas, Teruel &#8211; Montenegro. Nov.2010.Tucuma\u0301n. \u201cEntre l\u00edneas \u201c<br \/>\nMuseo Provincial de Bellas Artes \u201cRamo\u0301n Go\u0301mez Cornet\u201d. Sgo del Estero. Argentina. 2007. \u201cLazos \u201c<br \/>\n\u201c8 escultores 8\u201d en el subte. Estacio\u0301n Jose\u0301 Hernandez. Septiembre. Buenos Aires. Argentina.<br \/>\nCasa Argan\u0303araz Alcorta. Septiembre 2012. Entreli\u0301neas. Santiago del Estero.<br \/>\n1997. Centro Cultural Ricardo Rojas. Santiago del Estero. \u201cPeque\u00f1as cosas \u201c<\/p>\n<p><strong>Esculturas emplazadas en la ciudad:<\/strong> en el \u201cPaseo de las Esculturas\u201d en el Parque Aguirre de la Ciudad Capital de Santiago del Estero; en los Jardines de Palacio de Tribunales; en el Hospital Regional \u201cRamo\u0301n Carrillo\u201d: obra homenaje al Dr. Favaloro; en Legislatura Provincia; en Colegio del Centenario,; en Facultad de Humanidades, UNSE, y en Sindicato de Camioneros Santiago del Estero, Argentina.<br \/>\nSu obra forma parte del patrimonio de los Museos Provinciales de Bellas Artes \u201cRam\u00f3n G\u00f3mez Cornet\u201dde Santiago del Estero y \u201cTimoteo Navarro\u201d de Tucum\u00e1n y de colecciones particulares en Argentina y el exterior .<\/p>\n<p><strong>Exposiciones colectivas <\/strong><br \/>\nExpone desde el an\u0303o 1991 en numerosas muestras colectivas en la provincia, en otras provincias del pai\u0301s, y en el exterior.<br \/>\n\u201cCongreso de Tucum\u00e1n, 200 A\u00f1os de arte argentino. Dialogo entre obras del patrimonio del Museo Nacional de Bellas Artes y artistas contempor\u00e1neos. Tucum\u00e1n, Salta, Rosario, Mar del Plata, Neuqu\u00e9n, San Juan, Cordoba . 2016-2017.<br \/>\nPremio 8M . Centro Cultural Kirchner . CABA . 2023.<br \/>\nSalo\u0301n Nacional de Artes Visuales .2009., 2013, 2015, 2016, 2018 , 2019, 2023, 2025. Escultura. Palais de Glace, Casa del Bicentenario,CABA. Argentina.<br \/>\nLa crianza Mutua. Museo Nacional Terry . Tilcara. Jujuy . 2022. Curadur\u00eda Florencia Califato<br \/>\nMarzo, Mujer y Memoria . Fondo Nacional de las Artes . CABA . 2022<br \/>\n\u201c Salo\u0301n Nacional Manuel Belgrano\u201d .2005, 2010, 2011\u201d , 2013, 2015, 2018, 2019. Museo Si\u0301vori. CABA. Argentina.<br \/>\nConcurso de artes visuales .Universos cercanos. Fondo nacional de las Artes , Casa del Bicentenario, CABA, 2018 .<br \/>\n\u201cPara todos tode\u201d, CC Conti en 2019 y Centro Cultural Kirchner en 2020. Curadur\u00eda Kekena Corvalan.<br \/>\nLXXXVIII Salo\u0301n de Mayo. 2011. Salo\u0301n Anual Nacional de Santa Fe. Argentina.<br \/>\nPremio Estimulo \u201cDr. Bonifacio del Carril\u201d. Academia Nacional de Bellas Artes. Centro Cultural Borges. CABA. Diciembre 2006.<br \/>\nII Salo\u0301n Nacional de Juni\u0301n. 2006. Buenos Aires. Argentina.<br \/>\nCiclo \u201cPertenencias\u201d Fondo Nacional de las Artes\u201d. Julio de 2008. Casa de la Cultura. CABA Argentina.<br \/>\n\u201cExpotrastienda A\u00f1os 2008, 2009 , 2010, 2011, 2012, Eggo arte 2013 y 2014 . CABA. Argentina.<br \/>\nCiclo \u201cArgentina pinta bien\u201d. Arte de Santiago del Estero. Museo Ramo\u0301n Go\u0301mez Cornet. Santiago del Estero. Argentina. Noviembre 2009.<br \/>\nI Salo\u0301n de Escultura. Premio TAG 2010. C C Recoleta. 2010. CABA.<br \/>\nCentro Cultural del Bicentenario. Sgo del Estero. Mayo 2012. Cierre Cli\u0301nica Fondo Nacional de las Artes.<br \/>\nSoy Guarango sin Glamour. Resistencia. Chaco. Argentina. 2012. Curadur\u00eda Patricia Hakim<br \/>\nFaena Art Center. Premio Faena a las Artes. Fundacion Vairoletto. Colectivo \u201cOrquideas y avispo hacen rizoma\u201d. 2013.<\/p>\n<p>ORQU\u00cdDEAS Y AVISPO HACEN RIZOMA<br \/>\nEl Colectivo art\u00edstico ORQUIDEAS Y AVISPO HACEN RIZOMA est\u00e1 conformado por: Cristina Campitelli, Blanca, Castiglione, Fernanda Meyer, Elda Munar, Cecilia Teruel, Maria Delia Pernigotti y Rodolfo Legname .<br \/>\nEl grupo particip\u00f3 en<br \/>\nPremio Sitios Tangentes (Sita). Concurso de Intervenciones urbanas en la ciudad de Tucum\u00e1n. Julio 2012<br \/>\nFundador de Galer\u00eda Garage. Septiembre 2012.<br \/>\nProyecto e Intervenci\u00f3n Banco en Parque Aguirre. Santiago del Estero.<br \/>\nExpositores en \u201cSoy guarango sin Glamour\u201d Resistencia .Chaco. Noviembre 2012. Obra: Alteradas.<br \/>\nProyecto \u201cLos 7 pecados capitales\u201d Mural La Lujuria. Diciembre 2012, en Encontrarte 2012<br \/>\nExpositores en Muestra \u201c40 \u00b0 Aniversario Universidad Nacional de Santiago del Estero\u201d. 2013.<br \/>\nProyecto Ronda, espacio-comunidad de intercambio de experiencias art\u00edsticas.<br \/>\nPremio Fundacion Vairoletto. 2013. Premio Faena a las Artes. Faena Arts<br \/>\nCenter.<br \/>\nBeca Fondo Nacional de las Artes para Proyectos Grupales.2014.<\/p>\n<p>[\/la_heading][\/vc_tta_section][\/vc_tta_accordion][\/vc_column][\/vc_row][vc_row][vc_column][la_divider height=\u00bblg:65px;mb:40px;\u00bb][\/vc_column][\/vc_row][vc_row][vc_column][rev_slider_vc alias=\u00bbslider-2&#8243; el_class=\u00bbmargin-bottom-0&#8243;][\/vc_column][\/vc_row][vc_row full_width=\u00bbstretch_row_content\u00bb][vc_column width=\u00bb1\/12&#8243;][\/vc_column][vc_column width=\u00bb10\/12&#8243;][la_divider height=\u00bblg:65px;mb:40px;\u00bb][vc_row_inner][vc_column_inner][la_heading alignment=\u00bbleft\u00bb title=\u00bbStatement\u00bb subtitle_class=\u00bblight font-size-16&#8243; title_color=\u00bb#847C77&#8243;][\/la_heading][\/vc_column_inner][\/vc_row_inner][la_divider height=\u00bblg:20px;mb:20px;\u00bb][vc_row_inner][vc_column_inner width=\u00bb5\/12&#8243;][la_divider height=\u00bblg:100px;mb:0px;\u00bb][vc_single_image image=\u00bb2183&#8243; img_size=\u00bb400&#215;455&#8243; css=\u00bb.vc_custom_1764857833055{margin-right: 30px !important;margin-left: 30px !important;}\u00bb][la_divider height=\u00bbmb:20px;\u00bb][\/vc_column_inner][vc_column_inner width=\u00bb6\/12&#8243;][la_heading alignment=\u00bbleft\u00bb subtitle_class=\u00bblight font-size-16&#8243; title_color=\u00bb#847C77&#8243;]\n<div class=\"texto-dos-columnas\">\n<p>Entiendo el arte como una forma de pensar y de decir. Mi pr\u00e1ctica se centra en la <strong>escultura<\/strong>. Me interesa lo que emerge de amplificar gestos m\u00ednimos \u2013como un fragmento de tejido\u2013 para indagar en lo po\u00e9tico y lo pol\u00edtico de los modos de hacer <strong>femeninos<\/strong> y abrir preguntas sobre los v\u00ednculos y las formas de <em>resistencia silenciosa<\/em>.<\/p>\n<p>Mi obra aborda el tema del <strong>tejido<\/strong> como arte popular dentro del entramado social, entendido como un dispositivo de <em>memoria, identidad y resistencia<\/em>. Desde una mirada <strong>decolonial<\/strong>, cuestiono los modos impuestos desde afuera y los mecanismos que los sostienen.<\/p>\n<p>Me inspiran las <strong>teleras del interior santiague\u00f1o<\/strong>, su labor silenciosa que guarda las narraciones de una forma de entender el mundo. Los hilos, los nudos, las tramas y las madejas guardan lo que no debe olvidarse: son fragmentos, pulsaciones, exorcismos contra el olvido. Como <em>quipus<\/em>, esconden c\u00f3digos \u00edntimos, revelan lo que insiste.<\/p>\n<p>Trabajo con materiales diversos: madera, cer\u00e1mica, chapa o resina. Las esculturas se instalan sobre el muro, como un <strong>bordado en disrupci\u00f3n<\/strong>. Se expanden, se interrumpen, y en esa discontinuidad intentan perforar, atravesar el soporte, cuestionando los modos de mirar y ser. Un gesto que interpela el espacio y el tiempo, que deja al descubierto los hilos invisibles de la historia. El muro se vuelve tela. El hilo, <em>herida<\/em>. El bordado, una manera de conectar.<\/p>\n<\/div>\n<p>[\/la_heading][\/vc_column_inner][\/vc_row_inner][la_divider height=\u00bblg:85px;mb:35px;\u00bb][\/vc_column][vc_column width=\u00bb1\/12&#8243;][\/vc_column][\/vc_row][vc_row][vc_column][la_heading title=\u00bbAlgunas de mis obras\u00bb subtitle_class=\u00bblight font-size-16&#8243; title_color=\u00bb#847C77&#8243;][\/la_heading][la_divider height=\u00bblg:65px;mb:10px;\u00bb][\/vc_column][\/vc_row][vc_row full_width=\u00bbstretch_row\u00bb][vc_column][la_carousel infinite_loop=\u00bbyes\u00bb arrows=\u00bbyes\u00bb arrow_color=\u00bb#847C77&#8243; arrow_size=\u00bb35&#8243; next_icon=\u00bbdlicon-arrow-right3&#8243; prev_icon=\u00bbdlicon-arrow-left3&#8243; item_space=\u00bb35&#8243; slides_column=\u00bbxlg:3;lg:3;md:1;sm:1;xs:1;mb:1;\u00bb][vc_single_image image=\u00bb2083&#8243; img_size=\u00bbfull\u00bb alignment=\u00bbcenter\u00bb onclick=\u00bbcustom_link\u00bb css=\u00bb\u00bb el_class=\u00bbobras\u00bb link=\u00bbhttps:\/\/gdz-design.com\/clientes\/ceciliateruel\/otras-historias\/\u00bb][vc_single_image image=\u00bb2084&#8243; img_size=\u00bbfull\u00bb alignment=\u00bbcenter\u00bb onclick=\u00bbcustom_link\u00bb css=\u00bb\u00bb el_class=\u00bbobras\u00bb link=\u00bbhttps:\/\/gdz-design.com\/clientes\/ceciliateruel\/los-dones-de-las-mujeres\/\u00bb][vc_single_image image=\u00bb2085&#8243; img_size=\u00bbfull\u00bb alignment=\u00bbcenter\u00bb onclick=\u00bbcustom_link\u00bb css=\u00bb\u00bb el_class=\u00bbobras\u00bb link=\u00bbhttps:\/\/gdz-design.com\/clientes\/ceciliateruel\/devenir-signo\/\u00bb][vc_single_image image=\u00bb2086&#8243; img_size=\u00bbfull\u00bb alignment=\u00bbcenter\u00bb onclick=\u00bbcustom_link\u00bb css=\u00bb\u00bb el_class=\u00bbobras\u00bb link=\u00bbhttps:\/\/gdz-design.com\/clientes\/ceciliateruel\/entre-lineas\/\u00bb][vc_single_image image=\u00bb2087&#8243; img_size=\u00bbfull\u00bb alignment=\u00bbcenter\u00bb onclick=\u00bbcustom_link\u00bb css=\u00bb\u00bb el_class=\u00bbobras\u00bb link=\u00bbhttps:\/\/gdz-design.com\/clientes\/ceciliateruel\/lazos\/\u00bb][vc_single_image image=\u00bb2088&#8243; img_size=\u00bbfull\u00bb alignment=\u00bbcenter\u00bb onclick=\u00bbcustom_link\u00bb css=\u00bb\u00bb el_class=\u00bbobras\u00bb link=\u00bbhttps:\/\/gdz-design.com\/clientes\/ceciliateruel\/para-llegar-al-cielo\/\u00bb][\/la_carousel][\/vc_column][\/vc_row][vc_row][vc_column][la_divider height=\u00bblg:45px;mb:15px;\u00bb][la_btn title=\u00bbObras\u00bb style=\u00bboutline\u00bb color=\u00bbprimary\u00bb align=\u00bbcenter\u00bb link=\u00bburl:https%3A%2F%2Fgdz-design.com%2Fclientes%2Fceciliateruel%2Fobras%2F\u00bb][la_divider height=\u00bblg:85px;mb:55px;\u00bb][\/vc_column][\/vc_row][vc_row][vc_column]\n\t\t\t\t<p class=\"rs-p-wp-fix\"><\/p>\n\t\t\t\t<sr7-module data-alias=\"slider-2-11\" data-id=\"6\" id=\"SR7_6_1\" class=\"rs-ov-hidden\" data-version=\"6.7.34\">\n\t\t\t\t\t<sr7-adjuster><\/sr7-adjuster>\n\t\t\t\t\t<sr7-content>\n\t\t\t\t\t\t<sr7-slide id=\"SR7_6_1-12\" data-key=\"12\">\n\t\t\t\t\t\t\t<sr7-bg id=\"SR7_6_1-12-5\" class=\"sr7-layer\"><noscript><img decoding=\"async\" src=\"https:\/\/gdz-design.com\/clientes\/ceciliateruel\/wp-content\/uploads\/2025\/12\/obras-final-scaled.jpg\" alt=\"\" title=\"obras final\"><\/noscript><\/sr7-bg>\n\t\t\t\t\t\t\t<sr7-txt id=\"SR7_6_1-12-0\" class=\"sr7-layer\">Mi arte aborda el tema del tejido,<br \/>como arte popular dentro<br \/>del entramado social<\/sr7-txt>\n\t\t\t\t\t\t\t<sr7-txt id=\"SR7_6_1-12-1\" class=\"sr7-layer\">entendido como un dispositivo de memoria. identidad y resistencia.<\/sr7-txt>\n\t\t\t\t\t\t<\/sr7-slide>\n\t\t\t\t\t\t<sr7-slide id=\"SR7_6_1-13\" data-key=\"13\">\n\t\t\t\t\t\t<\/sr7-slide>\n\t\t\t\t\t<\/sr7-content>\n\t\t\t\t\t<image_lists style=\"display:none\">\n\t\t\t\t\t\t<img data-src=\"\/\/gdz-design.com\/clientes\/ceciliateruel\/wp-content\/uploads\/2025\/12\/obras-final-scaled.jpg\" data-libid=\"2095\" data-lib=\"medialibrary\" title=\"obras final\" width=\"0\" height=\"0\" data-dbsrc=\"Ly9nZHotZGVzaWduLmNvbS9jbGllbnRlcy9jZWNpbGlhdGVydWVsL3dwLWNvbnRlbnQvdXBsb2Fkcy8yMDI1LzEyL29icmFzLWZpbmFsLXNjYWxlZC5qcGc=\"\/>\n\t\t\t\t\t<\/image_lists>\n\t\t\t\t<\/sr7-module>\n\t\t\t\t<script>\n\t\t\t\t\tSR7.PMH ??={}; SR7.PMH[\"SR7_6_1\"] = {cn:100,state:false,fn: function() { if (_tpt!==undefined && _tpt.prepareModuleHeight !== undefined) {  _tpt.prepareModuleHeight({id:\"SR7_6_1\",el:[850,850,850,850,800],type:'standard',shdw:'0',gh:[850,850,850,850,800],gw:[1240,1240,1240,1240,480],vpt:['-100px&#039;,&#039;-100px&#039;,&#039;-100px&#039;,&#039;-100px&#039;,&#039;-100px'],size:{fullWidth:true, fullHeight:false},mh:'0',onh:0,onw:0,bg:{color:'{\"orig\":\"transparent\",\"type\":\"solid\",\"string\":\"transparent\"}'}});   SR7.PMH[\"SR7_6_1\"].state=true;} else if(SR7.PMH[\"SR7_6_1\"].cn-->0)\tsetTimeout( SR7.PMH[\"SR7_6_1\"].fn,19);}};SR7.PMH[\"SR7_6_1\" ].fn();\n\t\t\t\t<\/script>\n[\/vc_column][\/vc_row]<\/p>\n<\/div>","protected":false},"excerpt":{"rendered":"<p>[vc_row][vc_column][rev_slider_vc alias=\u00bbslider-1&#8243; el_class=\u00bbmargin-bottom-0&#8243;][\/vc_column][\/vc_row][vc_row][vc_column][la_divider height=\u00bblg:100px;mb:40px;\u00bb][\/vc_column][\/vc_row][vc_row content_placement=\u00bbmiddle\u00bb][vc_column width=\u00bb5\/12&#8243;][la_heading alignment=\u00bbleft\u00bb title=\u00bbCecilia Teruel\u00bb subtitle_class=\u00bblight font-size-16&#8243; title_color=\u00bb#847C77&#8243;]Nac\u00ed, vivo y trabajo en Santiago del Estero, Argentina, un espacio que nutre y orienta mis preguntas y procesos. Soy artista visual y mi pr\u00e1ctica se centra en la escultura. Esta pr\u00e1ctica se teje entre lo individual y lo colectivo, entre la materia, la memoria y el territorio. Soy&hellip;<\/p>\n","protected":false},"author":1,"featured_media":0,"parent":0,"menu_order":0,"comment_status":"closed","ping_status":"closed","template":"","meta":{"footnotes":""},"class_list":["post-40","page","type-page","status-publish","hentry"],"_links":{"self":[{"href":"https:\/\/gdz-design.com\/clientes\/ceciliateruel\/wp-json\/wp\/v2\/pages\/40","targetHints":{"allow":["GET"]}}],"collection":[{"href":"https:\/\/gdz-design.com\/clientes\/ceciliateruel\/wp-json\/wp\/v2\/pages"}],"about":[{"href":"https:\/\/gdz-design.com\/clientes\/ceciliateruel\/wp-json\/wp\/v2\/types\/page"}],"author":[{"embeddable":true,"href":"https:\/\/gdz-design.com\/clientes\/ceciliateruel\/wp-json\/wp\/v2\/users\/1"}],"replies":[{"embeddable":true,"href":"https:\/\/gdz-design.com\/clientes\/ceciliateruel\/wp-json\/wp\/v2\/comments?post=40"}],"version-history":[{"count":75,"href":"https:\/\/gdz-design.com\/clientes\/ceciliateruel\/wp-json\/wp\/v2\/pages\/40\/revisions"}],"predecessor-version":[{"id":2672,"href":"https:\/\/gdz-design.com\/clientes\/ceciliateruel\/wp-json\/wp\/v2\/pages\/40\/revisions\/2672"}],"wp:attachment":[{"href":"https:\/\/gdz-design.com\/clientes\/ceciliateruel\/wp-json\/wp\/v2\/media?parent=40"}],"curies":[{"name":"wp","href":"https:\/\/api.w.org\/{rel}","templated":true}]}}