{"id":2480,"date":"2025-12-11T14:25:29","date_gmt":"2025-12-11T14:25:29","guid":{"rendered":"https:\/\/gdz-design.com\/clientes\/ceciliateruel\/?page_id=2480"},"modified":"2025-12-26T15:33:42","modified_gmt":"2025-12-26T15:33:42","slug":"reconocimientos","status":"publish","type":"page","link":"https:\/\/gdz-design.com\/clientes\/ceciliateruel\/reconocimientos\/","title":{"rendered":"Reconocimientos"},"content":{"rendered":"<div class=\"wpb-content-wrapper\"><p>[vc_row][vc_column][rev_slider_vc alias=\u00bbpequenas-cosas-1&#8243; el_class=\u00bbmargin-bottom-0&#8243;][\/vc_column][\/vc_row][vc_row][vc_column][la_divider height=\u00bblg:100px;mb:65px;\u00bb][\/vc_column][\/vc_row][vc_row full_width=\u00bbstretch_row_content_no_spaces\u00bb content_placement=\u00bbbottom\u00bb css=\u00bb.vc_custom_1766085649198{margin-top: 10px !important;background-color: #FAFAFA !important;}\u00bb][vc_column width=\u00bb1\/2&#8243; css=\u00bb.vc_custom_1764888647056{padding-top: 0px !important;}\u00bb][vc_single_image image=\u00bb2486&#8243; img_size=\u00bbfull\u00bb alignment=\u00bbcenter\u00bb css=\u00bb.vc_custom_1765463525601{margin-top: 0px !important;margin-right: 0px !important;margin-bottom: 0px !important;margin-left: 0px !important;padding-top: 0px !important;padding-right: 0px !important;padding-bottom: 0px !important;padding-left: 0px !important;}\u00bb][\/vc_column][vc_column width=\u00bb1\/2&#8243;][la_divider height=\u00bbmb:20px;\u00bb][vc_row_inner][vc_column_inner width=\u00bb1\/6&#8243;][\/vc_column_inner][vc_column_inner width=\u00bb2\/3&#8243;][vc_separator color=\u00bbcustom\u00bb el_width=\u00bb40&#8243; css=\u00bb\u00bb accent_color=\u00bb#847C77&#8243;][la_heading subtitle_class=\u00bblight font-size-16&#8243; title_color=\u00bb#847C77&#8243; title_fz=\u00bblg:14px;\u00bb]\n<p style=\"text-align: center;\">Tercer Premio 112 Sal\u00f3n Nacional de Artes Visuales<br \/>\nPalais de Glace en Palacio Libertad .<br \/>\nObra Tanto da cortar como desatar<br \/>\nResina epoxi, esmalte poliuretano sobre talla en PPE<br \/>\n220 x 110 x 35 cm<br \/>\n2025<\/p>\n<p>[\/la_heading][\/vc_column_inner][vc_column_inner width=\u00bb1\/6&#8243;][\/vc_column_inner][\/vc_row_inner][la_divider height=\u00bblg:60px;mb:30px;\u00bb][\/vc_column][\/vc_row][vc_row full_width=\u00bbstretch_row_content_no_spaces\u00bb content_placement=\u00bbbottom\u00bb css=\u00bb.vc_custom_1766085652550{margin-top: 10px !important;background-color: #FFFFFF !important;}\u00bb][vc_column width=\u00bb1\/2&#8243; css=\u00bb.vc_custom_1764888649965{padding-top: 0px !important;}\u00bb][vc_single_image image=\u00bb2633&#8243; img_size=\u00bbfull\u00bb alignment=\u00bbcenter\u00bb css=\u00bb.vc_custom_1766406881281{margin-top: 0px !important;margin-right: 0px !important;margin-bottom: 0px !important;margin-left: 0px !important;padding-top: 0px !important;padding-right: 0px !important;padding-bottom: 0px !important;padding-left: 0px !important;}\u00bb][\/vc_column][vc_column width=\u00bb1\/2&#8243;][la_divider height=\u00bbmb:20px;\u00bb][vc_row_inner][vc_column_inner width=\u00bb1\/6&#8243;][\/vc_column_inner][vc_column_inner width=\u00bb2\/3&#8243;][vc_separator color=\u00bbcustom\u00bb el_width=\u00bb40&#8243; css=\u00bb\u00bb accent_color=\u00bb#847C77&#8243;][la_heading subtitle_class=\u00bblight font-size-16&#8243; title_color=\u00bb#847C77&#8243; title_fz=\u00bblg:14px;\u00bb]\n<p style=\"text-align: center;\">\u201cCongreso de Tucum\u00e1n. 200 A\u00f1os de arte argentino. Di\u00e1logo entre obras del patrimonio del Museo Nacional de Bellas Artes y artistas contempor\u00e1neos, 2016,2017. Tucum\u00e1n, Rosario, Mar del Plata, Neuqu\u00e9n, C\u00f3rdoba, San Juan, Salta. Invitada como artista contempor\u00e1nea .<br \/>\nObra : \u00a8Lo que no se olvida es eterno\u00a8<br \/>\nmadera de algarrobo y metal esmaltados<br \/>\n300 x 300 x250 cm<br \/>\n2012<\/p>\n<p>[\/la_heading][\/vc_column_inner][vc_column_inner width=\u00bb1\/6&#8243;][\/vc_column_inner][\/vc_row_inner][la_divider height=\u00bblg:60px;mb:30px;\u00bb][\/vc_column][\/vc_row][vc_row full_width=\u00bbstretch_row_content_no_spaces\u00bb content_placement=\u00bbbottom\u00bb css=\u00bb.vc_custom_1766085657478{margin-top: 10px !important;background-color: #FAFAFA !important;}\u00bb][vc_column width=\u00bb1\/2&#8243; css=\u00bb.vc_custom_1764888647056{padding-top: 0px !important;}\u00bb][vc_single_image image=\u00bb2620&#8243; img_size=\u00bbfull\u00bb alignment=\u00bbcenter\u00bb css=\u00bb.vc_custom_1766152100722{margin-top: 0px !important;margin-right: 0px !important;margin-bottom: 0px !important;margin-left: 0px !important;padding-top: 0px !important;padding-right: 0px !important;padding-bottom: 0px !important;padding-left: 0px !important;}\u00bb][\/vc_column][vc_column width=\u00bb1\/2&#8243;][la_divider height=\u00bbmb:20px;\u00bb][vc_row_inner][vc_column_inner width=\u00bb1\/6&#8243;][\/vc_column_inner][vc_column_inner width=\u00bb2\/3&#8243;][vc_separator color=\u00bbcustom\u00bb el_width=\u00bb40&#8243; css=\u00bb\u00bb accent_color=\u00bb#847C77&#8243;][la_heading subtitle_class=\u00bblight font-size-16&#8243; title_color=\u00bb#847C77&#8243; title_fz=\u00bblg:14px;\u00bb]\n<p style=\"text-align: center;\">Jurado Premios a la Trayectoria Art\u00edstica<br \/>\n110 Sal\u00f3n Nacional de Artes Visuales.<br \/>\nPalais de Glace . CCK . CABA. 2022.<br \/>\nJunto a Andr\u00e9s Duprat, Mariana Marchesi, Mag De Santo, Marcelo del Hoyo, Marcela L\u00f3pez Sastre y Viviana Usubiaga.<\/p>\n<p>[\/la_heading][\/vc_column_inner][vc_column_inner width=\u00bb1\/6&#8243;][\/vc_column_inner][\/vc_row_inner][la_divider height=\u00bblg:60px;mb:30px;\u00bb][\/vc_column][\/vc_row][vc_row full_width=\u00bbstretch_row_content_no_spaces\u00bb content_placement=\u00bbbottom\u00bb css=\u00bb.vc_custom_1766085661849{margin-top: 10px !important;background-color: #FFFFFF !important;}\u00bb][vc_column width=\u00bb1\/2&#8243; css=\u00bb.vc_custom_1764888649965{padding-top: 0px !important;}\u00bb][vc_single_image image=\u00bb2635&#8243; img_size=\u00bbfull\u00bb alignment=\u00bbcenter\u00bb css=\u00bb.vc_custom_1766406925211{margin-top: 0px !important;margin-right: 0px !important;margin-bottom: 0px !important;margin-left: 0px !important;padding-top: 0px !important;padding-right: 0px !important;padding-bottom: 0px !important;padding-left: 0px !important;}\u00bb][\/vc_column][vc_column width=\u00bb1\/2&#8243;][la_divider height=\u00bbmb:20px;\u00bb][vc_row_inner][vc_column_inner width=\u00bb1\/6&#8243;][\/vc_column_inner][vc_column_inner width=\u00bb2\/3&#8243;][vc_separator color=\u00bbcustom\u00bb el_width=\u00bb40&#8243; css=\u00bb\u00bb accent_color=\u00bb#847C77&#8243;][la_heading subtitle_class=\u00bblight font-size-16&#8243; title_color=\u00bb#847C77&#8243; title_fz=\u00bblg:14px;\u00bb]\n<p style=\"text-align: center;\">Mencion Escultura 104 Sal\u00f3n Nacional de Artes Visuales . 2015<br \/>\nPalais de Glace . CABA<br \/>\nObra. Una historia bordada en la pared.<br \/>\nacero- esmalte<br \/>\n107 x 200 x 45 cm<br \/>\n2015<\/p>\n<p>[\/la_heading][\/vc_column_inner][vc_column_inner width=\u00bb1\/6&#8243;][\/vc_column_inner][\/vc_row_inner][la_divider height=\u00bblg:60px;mb:30px;\u00bb][\/vc_column][\/vc_row][vc_row full_width=\u00bbstretch_row_content_no_spaces\u00bb content_placement=\u00bbbottom\u00bb css=\u00bb.vc_custom_1766085666608{margin-top: 10px !important;background-color: #FAFAFA !important;}\u00bb][vc_column width=\u00bb1\/2&#8243; css=\u00bb.vc_custom_1764888647056{padding-top: 0px !important;}\u00bb][vc_single_image image=\u00bb2494&#8243; img_size=\u00bbfull\u00bb alignment=\u00bbcenter\u00bb css=\u00bb.vc_custom_1765463796126{margin-top: 0px !important;margin-right: 0px !important;margin-bottom: 0px !important;margin-left: 0px !important;padding-top: 0px !important;padding-right: 0px !important;padding-bottom: 0px !important;padding-left: 0px !important;}\u00bb][\/vc_column][vc_column width=\u00bb1\/2&#8243;][la_divider height=\u00bbmb:20px;\u00bb][vc_row_inner][vc_column_inner width=\u00bb1\/6&#8243;][\/vc_column_inner][vc_column_inner width=\u00bb2\/3&#8243;][vc_separator color=\u00bbcustom\u00bb el_width=\u00bb40&#8243; css=\u00bb\u00bb accent_color=\u00bb#847C77&#8243;][la_heading subtitle_class=\u00bblight font-size-16&#8243; title_color=\u00bb#847C77&#8243; title_fz=\u00bblg:14px;\u00bb]\n<p style=\"text-align: center;\">Premio Fundaci\u00f3n Vairoletto. Premio Faena a las Artes .<br \/>\nFaena Arts Center . CABA. 2013<br \/>\nObra \u00a8Maneken pis\u00a8. El agua que beben los santiague\u00f1os.<br \/>\nObra relacional.<\/p>\n<p>[\/la_heading][\/vc_column_inner][vc_column_inner width=\u00bb1\/6&#8243;][\/vc_column_inner][\/vc_row_inner][la_divider height=\u00bblg:60px;mb:30px;\u00bb][\/vc_column][\/vc_row][vc_row full_width=\u00bbstretch_row_content_no_spaces\u00bb content_placement=\u00bbbottom\u00bb css=\u00bb.vc_custom_1766085670269{margin-top: 10px !important;background-color: #FFFFFF !important;}\u00bb][vc_column width=\u00bb1\/2&#8243; css=\u00bb.vc_custom_1764888649965{padding-top: 0px !important;}\u00bb][vc_single_image image=\u00bb2496&#8243; img_size=\u00bbfull\u00bb alignment=\u00bbcenter\u00bb css=\u00bb.vc_custom_1765463835341{margin-top: 0px !important;margin-right: 0px !important;margin-bottom: 0px !important;margin-left: 0px !important;padding-top: 0px !important;padding-right: 0px !important;padding-bottom: 0px !important;padding-left: 0px !important;}\u00bb][\/vc_column][vc_column width=\u00bb1\/2&#8243;][la_divider height=\u00bbmb:20px;\u00bb][vc_row_inner][vc_column_inner width=\u00bb1\/6&#8243;][\/vc_column_inner][vc_column_inner width=\u00bb2\/3&#8243;][vc_separator color=\u00bbcustom\u00bb el_width=\u00bb40&#8243; css=\u00bb\u00bb accent_color=\u00bb#847C77&#8243;][la_heading subtitle_class=\u00bblight font-size-16&#8243; title_color=\u00bb#847C77&#8243; title_fz=\u00bblg:14px;\u00bb]\n<p style=\"text-align: center;\">Premio Ricardo Rojas 2024.<br \/>\nLabor en Pl\u00e1stica.<br \/>\nMunicipalidad de Santiago del Estero.<\/p>\n<p>[\/la_heading][\/vc_column_inner][vc_column_inner width=\u00bb1\/6&#8243;][\/vc_column_inner][\/vc_row_inner][la_divider height=\u00bblg:60px;mb:30px;\u00bb][\/vc_column][\/vc_row][vc_row full_width=\u00bbstretch_row_content_no_spaces\u00bb content_placement=\u00bbbottom\u00bb css=\u00bb.vc_custom_1766085666608{margin-top: 10px !important;background-color: #FAFAFA !important;}\u00bb][vc_column width=\u00bb1\/2&#8243; css=\u00bb.vc_custom_1764888647056{padding-top: 0px !important;}\u00bb][vc_single_image image=\u00bb2656&#8243; img_size=\u00bbfull\u00bb alignment=\u00bbcenter\u00bb onclick=\u00bbcustom_link\u00bb css=\u00bb.vc_custom_1766428938701{margin-top: 0px !important;margin-right: 0px !important;margin-bottom: 0px !important;margin-left: 0px !important;padding-top: 0px !important;padding-right: 0px !important;padding-bottom: 0px !important;padding-left: 0px !important;}\u00bb link=\u00bbhttps:\/\/www.youtube.com\/watch?v=PJgbYi_MGGk\u00bb][\/vc_column][vc_column width=\u00bb1\/2&#8243;][la_divider height=\u00bbmb:20px;\u00bb][vc_row_inner][vc_column_inner width=\u00bb1\/6&#8243;][\/vc_column_inner][vc_column_inner width=\u00bb2\/3&#8243;][vc_separator color=\u00bbcustom\u00bb el_width=\u00bb40&#8243; css=\u00bb\u00bb accent_color=\u00bb#847C77&#8243;][la_heading subtitle_class=\u00bblight font-size-16&#8243; title_color=\u00bb#847C77&#8243; title_fz=\u00bblg:14px;\u00bb]\n<p style=\"text-align: center;\">Memorias tejidas &#8211; Cortometraje &#8211; a\u00f1o 2012<\/p>\n<p style=\"text-align: center;\">Enfocada en el tejido como producci\u00f3n de arte popular de mi provincia, me propongo abordar los temas de la herencia y del tiempo, presentando una tejedora mientras realiza su labor, en paralelo al trabajo de tallar la madera , de una escultora contempor\u00e1nea que trabaja sobre el tema del tejido. Las conexiones ser\u00e1n el tema de la herencia , que las dos mujeres reciben como simultaneidad social y el tiempo , la manera que es concebido en relaci\u00f3n a la obra.<\/p>\n<p>[\/la_heading][la_divider height=\u00bblg:10px;mb:10px;\u00bb][la_btn title=\u00bbVer Video\u00bb style=\u00bboutline\u00bb color=\u00bbprimary\u00bb align=\u00bbcenter\u00bb link=\u00bburl:https%3A%2F%2Fwww.youtube.com%2Fwatch%3Fv%3DPJgbYi_MGGk\u00bb][\/vc_column_inner][vc_column_inner width=\u00bb1\/6&#8243;][\/vc_column_inner][\/vc_row_inner][la_divider height=\u00bblg:60px;mb:30px;\u00bb][\/vc_column][\/vc_row]<\/p>\n<\/div>","protected":false},"excerpt":{"rendered":"<p>[vc_row][vc_column][rev_slider_vc alias=\u00bbpequenas-cosas-1&#8243; el_class=\u00bbmargin-bottom-0&#8243;][\/vc_column][\/vc_row][vc_row][vc_column][la_divider height=\u00bblg:100px;mb:65px;\u00bb][\/vc_column][\/vc_row][vc_row full_width=\u00bbstretch_row_content_no_spaces\u00bb content_placement=\u00bbbottom\u00bb css=\u00bb.vc_custom_1766085649198{margin-top: 10px !important;background-color: #FAFAFA !important;}\u00bb][vc_column width=\u00bb1\/2&#8243; css=\u00bb.vc_custom_1764888647056{padding-top: 0px !important;}\u00bb][vc_single_image image=\u00bb2486&#8243; img_size=\u00bbfull\u00bb alignment=\u00bbcenter\u00bb css=\u00bb.vc_custom_1765463525601{margin-top: 0px !important;margin-right: 0px !important;margin-bottom: 0px !important;margin-left: 0px !important;padding-top: 0px !important;padding-right: 0px !important;padding-bottom: 0px !important;padding-left: 0px !important;}\u00bb][\/vc_column][vc_column width=\u00bb1\/2&#8243;][la_divider height=\u00bbmb:20px;\u00bb][vc_row_inner][vc_column_inner width=\u00bb1\/6&#8243;][\/vc_column_inner][vc_column_inner width=\u00bb2\/3&#8243;][vc_separator color=\u00bbcustom\u00bb el_width=\u00bb40&#8243; css=\u00bb\u00bb accent_color=\u00bb#847C77&#8243;][la_heading subtitle_class=\u00bblight font-size-16&#8243; title_color=\u00bb#847C77&#8243; title_fz=\u00bblg:14px;\u00bb] Tercer Premio 112 Sal\u00f3n Nacional de Artes Visuales Palais de Glace en Palacio&hellip;<\/p>\n","protected":false},"author":1,"featured_media":0,"parent":0,"menu_order":0,"comment_status":"closed","ping_status":"closed","template":"","meta":{"footnotes":""},"class_list":["post-2480","page","type-page","status-publish","hentry"],"_links":{"self":[{"href":"https:\/\/gdz-design.com\/clientes\/ceciliateruel\/wp-json\/wp\/v2\/pages\/2480","targetHints":{"allow":["GET"]}}],"collection":[{"href":"https:\/\/gdz-design.com\/clientes\/ceciliateruel\/wp-json\/wp\/v2\/pages"}],"about":[{"href":"https:\/\/gdz-design.com\/clientes\/ceciliateruel\/wp-json\/wp\/v2\/types\/page"}],"author":[{"embeddable":true,"href":"https:\/\/gdz-design.com\/clientes\/ceciliateruel\/wp-json\/wp\/v2\/users\/1"}],"replies":[{"embeddable":true,"href":"https:\/\/gdz-design.com\/clientes\/ceciliateruel\/wp-json\/wp\/v2\/comments?post=2480"}],"version-history":[{"count":22,"href":"https:\/\/gdz-design.com\/clientes\/ceciliateruel\/wp-json\/wp\/v2\/pages\/2480\/revisions"}],"predecessor-version":[{"id":2691,"href":"https:\/\/gdz-design.com\/clientes\/ceciliateruel\/wp-json\/wp\/v2\/pages\/2480\/revisions\/2691"}],"wp:attachment":[{"href":"https:\/\/gdz-design.com\/clientes\/ceciliateruel\/wp-json\/wp\/v2\/media?parent=2480"}],"curies":[{"name":"wp","href":"https:\/\/api.w.org\/{rel}","templated":true}]}}