{"id":2439,"date":"2025-12-09T20:54:44","date_gmt":"2025-12-09T20:54:44","guid":{"rendered":"https:\/\/gdz-design.com\/clientes\/ceciliateruel\/?page_id=2439"},"modified":"2025-12-26T14:29:59","modified_gmt":"2025-12-26T14:29:59","slug":"para-llegar-al-cielo","status":"publish","type":"page","link":"https:\/\/gdz-design.com\/clientes\/ceciliateruel\/para-llegar-al-cielo\/","title":{"rendered":"Para llegar al cielo"},"content":{"rendered":"<div class=\"wpb-content-wrapper\"><p>[vc_row][vc_column][rev_slider_vc alias=\u00bbotras-historias-1&#8243; el_class=\u00bbmargin-bottom-0&#8243;][\/vc_column][\/vc_row][vc_row][vc_column][la_divider height=\u00bblg:100px;mb:65px;\u00bb][\/vc_column][\/vc_row][vc_row content_placement=\u00bbmiddle\u00bb][vc_column width=\u00bb5\/12&#8243;][la_heading alignment=\u00bbleft\u00bb subtitle_class=\u00bblight font-size-16&#8243; title_color=\u00bb#847C77&#8243;]<span style=\"font-weight: 400;\">La rayuela es la estructura sobre la que despliego estos recorridos a modo de juego para presentar a algunos santos y figuras de la devoci\u00f3n religiosa popular local. Santiago Apostol, la Virgen de Sumampa , el Se\u00f1or de los Milagros de Mail\u00edn se presentan como una decontruccion de sus elementos devocionales.<\/span><\/p>\n<p>[\/la_heading][\/vc_column][vc_column width=\u00bb1\/12&#8243; offset=\u00bbvc_hidden-xs\u00bb][\/vc_column][vc_column width=\u00bb6\/12&#8243;][la_divider height=\u00bbmb:30px;\u00bb][\/vc_column][\/vc_row][vc_row][vc_column][la_divider height=\u00bblg:100px;mb:40px;\u00bb][\/vc_column][\/vc_row][vc_row full_width=\u00bbstretch_row_content_no_spaces\u00bb content_placement=\u00bbbottom\u00bb css=\u00bb.vc_custom_1766085793126{margin-top: 10px !important;background-color: #FAFAFA !important;}\u00bb][vc_column width=\u00bb1\/2&#8243; css=\u00bb.vc_custom_1764888647056{padding-top: 0px !important;}\u00bb][vc_single_image image=\u00bb2443&#8243; img_size=\u00bbfull\u00bb alignment=\u00bbcenter\u00bb css=\u00bb.vc_custom_1765313905488{margin-top: 0px !important;margin-right: 0px !important;margin-bottom: 0px !important;margin-left: 0px !important;padding-top: 0px !important;padding-right: 0px !important;padding-bottom: 0px !important;padding-left: 0px !important;}\u00bb][\/vc_column][vc_column width=\u00bb1\/2&#8243;][la_divider height=\u00bbmb:20px;\u00bb][vc_row_inner][vc_column_inner width=\u00bb1\/6&#8243;][\/vc_column_inner][vc_column_inner width=\u00bb2\/3&#8243;][vc_separator color=\u00bbcustom\u00bb el_width=\u00bb40&#8243; css=\u00bb\u00bb accent_color=\u00bb#847C77&#8243;][la_heading subtitle_class=\u00bblight font-size-16&#8243; title_color=\u00bb#847C77&#8243; title_fz=\u00bblg:14px;\u00bb]\n<p style=\"text-align: center;\"><em>\u201cSantiago Apostol\u201c<\/em><\/p>\n<p style=\"text-align: center;\">De la serie Para llegar al cielo<br \/>\nTalla y ensamble en madera policrimada<br \/>\n75 x 40 x 20<br \/>\n2004<\/p>\n<p>[\/la_heading][\/vc_column_inner][vc_column_inner width=\u00bb1\/6&#8243;][\/vc_column_inner][\/vc_row_inner][la_divider height=\u00bblg:60px;mb:30px;\u00bb][\/vc_column][\/vc_row][vc_row full_width=\u00bbstretch_row_content_no_spaces\u00bb content_placement=\u00bbbottom\u00bb css=\u00bb.vc_custom_1766085789227{margin-top: 10px !important;background-color: #FFFFFF !important;}\u00bb][vc_column width=\u00bb1\/2&#8243; css=\u00bb.vc_custom_1764888649965{padding-top: 0px !important;}\u00bb][vc_single_image image=\u00bb2444&#8243; img_size=\u00bbfull\u00bb alignment=\u00bbcenter\u00bb css=\u00bb.vc_custom_1765313921191{margin-top: 0px !important;margin-right: 0px !important;margin-bottom: 0px !important;margin-left: 0px !important;padding-top: 0px !important;padding-right: 0px !important;padding-bottom: 0px !important;padding-left: 0px !important;}\u00bb][\/vc_column][vc_column width=\u00bb1\/2&#8243;][la_divider height=\u00bbmb:20px;\u00bb][vc_row_inner][vc_column_inner width=\u00bb1\/6&#8243;][\/vc_column_inner][vc_column_inner width=\u00bb2\/3&#8243;][vc_separator color=\u00bbcustom\u00bb el_width=\u00bb40&#8243; css=\u00bb\u00bb accent_color=\u00bb#847C77&#8243;][la_heading subtitle_class=\u00bblight font-size-16&#8243; title_color=\u00bb#847C77&#8243; title_fz=\u00bblg:14px;\u00bb]\n<p style=\"text-align: center;\"><em>\u00abVirgen de Sumampa\u201c<\/em><\/p>\n<p style=\"text-align: center;\">De la serie Para llegar al cielo<br \/>\nTalla y ensamble en madera policrimada<br \/>\n75 x 40 x 23<br \/>\n2005<\/p>\n<p>[\/la_heading][\/vc_column_inner][vc_column_inner width=\u00bb1\/6&#8243;][\/vc_column_inner][\/vc_row_inner][la_divider height=\u00bblg:60px;mb:30px;\u00bb][\/vc_column][\/vc_row][vc_row full_width=\u00bbstretch_row_content_no_spaces\u00bb content_placement=\u00bbbottom\u00bb css=\u00bb.vc_custom_1766085782406{margin-top: 10px !important;background-color: #FAFAFA !important;}\u00bb][vc_column width=\u00bb1\/2&#8243; css=\u00bb.vc_custom_1764888654693{padding-top: 0px !important;}\u00bb][vc_single_image image=\u00bb2447&#8243; img_size=\u00bbfull\u00bb alignment=\u00bbcenter\u00bb css=\u00bb.vc_custom_1765314012944{margin-top: 0px !important;margin-right: 0px !important;margin-bottom: 0px !important;margin-left: 0px !important;padding-top: 0px !important;padding-right: 0px !important;padding-bottom: 0px !important;padding-left: 0px !important;}\u00bb][\/vc_column][vc_column width=\u00bb1\/2&#8243;][la_divider height=\u00bbmb:20px;\u00bb][vc_row_inner][vc_column_inner width=\u00bb1\/6&#8243;][\/vc_column_inner][vc_column_inner width=\u00bb2\/3&#8243;][vc_separator color=\u00bbcustom\u00bb el_width=\u00bb40&#8243; css=\u00bb\u00bb accent_color=\u00bb#847C77&#8243;][la_heading subtitle_class=\u00bblight font-size-16&#8243; title_color=\u00bb#847C77&#8243; title_fz=\u00bblg:14px;\u00bb]\n<p style=\"text-align: center;\"><em>\u201cVirgencita\u201d<\/em><br \/>\nDe la serie Para llegar al cielo<br \/>\nMixta, cer\u00e1mica esmaltada &#8211; madera<br \/>\n78 x 45 x 28 cm<br \/>\n2003<\/p>\n<p>[\/la_heading][\/vc_column_inner][vc_column_inner width=\u00bb1\/6&#8243;][\/vc_column_inner][\/vc_row_inner][la_divider height=\u00bblg:60px;mb:30px;\u00bb][\/vc_column][\/vc_row][vc_row][vc_column][la_divider height=\u00bblg:60px;\u00bb][\/vc_column][\/vc_row][vc_row full_width=\u00bbstretch_row\u00bb][vc_column width=\u00bb1\/4&#8243;][vc_single_image image=\u00bb2083&#8243; img_size=\u00bbfull\u00bb alignment=\u00bbcenter\u00bb onclick=\u00bbcustom_link\u00bb css=\u00bb\u00bb el_class=\u00bbobras\u00bb link=\u00bbhttps:\/\/gdz-design.com\/clientes\/ceciliateruel\/otras-historias\/\u00bb][la_heading tag=\u00bbh6&#8243; title=\u00bbOtras historias\u00bb subtitle_class=\u00bblight font-size-16&#8243; title_color=\u00bb#847C77&#8243; title_fz=\u00bblg:14px;\u00bb][\/la_heading][la_divider height=\u00bbmb:10px;\u00bb][\/vc_column][vc_column width=\u00bb1\/4&#8243;][vc_single_image image=\u00bb2084&#8243; img_size=\u00bbfull\u00bb alignment=\u00bbcenter\u00bb onclick=\u00bbcustom_link\u00bb css=\u00bb\u00bb el_class=\u00bbobras\u00bb link=\u00bbhttps:\/\/gdz-design.com\/clientes\/ceciliateruel\/los-dones-de-las-mujeres\/\u00bb][la_heading tag=\u00bbh6&#8243; title=\u00bbLos dones de las mujeres\u00bb subtitle_class=\u00bblight font-size-16&#8243; title_color=\u00bb#847C77&#8243; title_fz=\u00bblg:14px;\u00bb][\/la_heading][la_divider height=\u00bbmb:10px;\u00bb][\/vc_column][vc_column width=\u00bb1\/4&#8243;][vc_single_image image=\u00bb2085&#8243; img_size=\u00bbfull\u00bb alignment=\u00bbcenter\u00bb onclick=\u00bbcustom_link\u00bb css=\u00bb\u00bb el_class=\u00bbobras\u00bb link=\u00bbhttps:\/\/gdz-design.com\/clientes\/ceciliateruel\/devenir-signo\/\u00bb][la_heading tag=\u00bbh6&#8243; title=\u00bbDevenir Signo\u00bb subtitle_class=\u00bblight font-size-16&#8243; title_color=\u00bb#847C77&#8243; title_fz=\u00bblg:14px;\u00bb][\/la_heading][la_divider height=\u00bbmb:10px;\u00bb][\/vc_column][vc_column width=\u00bb1\/4&#8243;][vc_single_image image=\u00bb2086&#8243; img_size=\u00bbfull\u00bb alignment=\u00bbcenter\u00bb onclick=\u00bbcustom_link\u00bb css=\u00bb\u00bb el_class=\u00bbobras\u00bb link=\u00bbhttps:\/\/gdz-design.com\/clientes\/ceciliateruel\/entre-lineas\/\u00bb][la_heading tag=\u00bbh6&#8243; title=\u00bbEntre l\u00edneas\u00bb subtitle_class=\u00bblight font-size-16&#8243; title_color=\u00bb#847C77&#8243; title_fz=\u00bblg:14px;\u00bb][\/la_heading][la_divider height=\u00bbmb:10px;\u00bb][\/vc_column][\/vc_row][vc_row full_width=\u00bbstretch_row\u00bb][vc_column width=\u00bb1\/4&#8243;][vc_single_image image=\u00bb2087&#8243; img_size=\u00bbfull\u00bb alignment=\u00bbcenter\u00bb onclick=\u00bbcustom_link\u00bb css=\u00bb\u00bb el_class=\u00bbobras\u00bb link=\u00bbhttps:\/\/gdz-design.com\/clientes\/ceciliateruel\/lazos\/\u00bb][la_heading tag=\u00bbh6&#8243; title=\u00bbLazos\u00bb subtitle_class=\u00bblight font-size-16&#8243; title_color=\u00bb#847C77&#8243; title_fz=\u00bblg:14px;\u00bb][\/la_heading][la_divider height=\u00bbmb:10px;\u00bb][\/vc_column][vc_column width=\u00bb1\/4&#8243;][vc_single_image image=\u00bb2088&#8243; img_size=\u00bbfull\u00bb alignment=\u00bbcenter\u00bb onclick=\u00bbcustom_link\u00bb css=\u00bb\u00bb el_class=\u00bbobras\u00bb link=\u00bbhttps:\/\/gdz-design.com\/clientes\/ceciliateruel\/para-llegar-al-cielo\/\u00bb][la_heading tag=\u00bbh6&#8243; title=\u00bbPara llegar al Cielo\u00bb subtitle_class=\u00bblight font-size-16&#8243; title_color=\u00bb#847C77&#8243; title_fz=\u00bblg:14px;\u00bb][\/la_heading][la_divider height=\u00bbmb:10px;\u00bb][\/vc_column][vc_column width=\u00bb1\/4&#8243;][vc_single_image image=\u00bb2089&#8243; img_size=\u00bbfull\u00bb alignment=\u00bbcenter\u00bb onclick=\u00bbcustom_link\u00bb css=\u00bb\u00bb el_class=\u00bbobras\u00bb link=\u00bbhttps:\/\/gdz-design.com\/clientes\/ceciliateruel\/pequenas-cosas\/\u00bb][la_heading tag=\u00bbh6&#8243; title=\u00bbPeque\u00f1as Cosas\u00bb subtitle_class=\u00bblight font-size-16&#8243; title_color=\u00bb#847C77&#8243; title_fz=\u00bblg:14px;\u00bb][\/la_heading][la_divider height=\u00bbmb:10px;\u00bb][\/vc_column][vc_column width=\u00bb1\/4&#8243;][vc_single_image image=\u00bb2090&#8243; img_size=\u00bbfull\u00bb alignment=\u00bbcenter\u00bb onclick=\u00bbcustom_link\u00bb css=\u00bb\u00bb el_class=\u00bbobras\u00bb link=\u00bbhttps:\/\/gdz-design.com\/clientes\/ceciliateruel\/obras-en-espacios-publicos\/\u00bb][la_heading tag=\u00bbh6&#8243; title=\u00bbEspacios P\u00fablicos\u00bb subtitle_class=\u00bblight font-size-16&#8243; title_color=\u00bb#847C77&#8243; title_fz=\u00bblg:14px;\u00bb][\/la_heading][la_divider height=\u00bbmb:10px;\u00bb][\/vc_column][\/vc_row]<\/p>\n<\/div>","protected":false},"excerpt":{"rendered":"<p>[vc_row][vc_column][rev_slider_vc alias=\u00bbotras-historias-1&#8243; el_class=\u00bbmargin-bottom-0&#8243;][\/vc_column][\/vc_row][vc_row][vc_column][la_divider height=\u00bblg:100px;mb:65px;\u00bb][\/vc_column][\/vc_row][vc_row content_placement=\u00bbmiddle\u00bb][vc_column width=\u00bb5\/12&#8243;][la_heading alignment=\u00bbleft\u00bb subtitle_class=\u00bblight font-size-16&#8243; title_color=\u00bb#847C77&#8243;]La rayuela es la estructura sobre la que despliego estos recorridos a modo de juego para presentar a algunos santos y figuras de la devoci\u00f3n religiosa popular local. Santiago Apostol, la Virgen de Sumampa , el Se\u00f1or de los Milagros de Mail\u00edn se presentan como una decontruccion de sus elementos devocionales.&hellip;<\/p>\n","protected":false},"author":1,"featured_media":0,"parent":0,"menu_order":0,"comment_status":"closed","ping_status":"closed","template":"","meta":{"footnotes":""},"class_list":["post-2439","page","type-page","status-publish","hentry"],"_links":{"self":[{"href":"https:\/\/gdz-design.com\/clientes\/ceciliateruel\/wp-json\/wp\/v2\/pages\/2439","targetHints":{"allow":["GET"]}}],"collection":[{"href":"https:\/\/gdz-design.com\/clientes\/ceciliateruel\/wp-json\/wp\/v2\/pages"}],"about":[{"href":"https:\/\/gdz-design.com\/clientes\/ceciliateruel\/wp-json\/wp\/v2\/types\/page"}],"author":[{"embeddable":true,"href":"https:\/\/gdz-design.com\/clientes\/ceciliateruel\/wp-json\/wp\/v2\/users\/1"}],"replies":[{"embeddable":true,"href":"https:\/\/gdz-design.com\/clientes\/ceciliateruel\/wp-json\/wp\/v2\/comments?post=2439"}],"version-history":[{"count":11,"href":"https:\/\/gdz-design.com\/clientes\/ceciliateruel\/wp-json\/wp\/v2\/pages\/2439\/revisions"}],"predecessor-version":[{"id":2686,"href":"https:\/\/gdz-design.com\/clientes\/ceciliateruel\/wp-json\/wp\/v2\/pages\/2439\/revisions\/2686"}],"wp:attachment":[{"href":"https:\/\/gdz-design.com\/clientes\/ceciliateruel\/wp-json\/wp\/v2\/media?parent=2439"}],"curies":[{"name":"wp","href":"https:\/\/api.w.org\/{rel}","templated":true}]}}