{"id":2373,"date":"2025-12-09T20:12:36","date_gmt":"2025-12-09T20:12:36","guid":{"rendered":"https:\/\/gdz-design.com\/clientes\/ceciliateruel\/?page_id=2373"},"modified":"2025-12-26T20:59:17","modified_gmt":"2025-12-26T20:59:17","slug":"los-dones-de-las-mujeres","status":"publish","type":"page","link":"https:\/\/gdz-design.com\/clientes\/ceciliateruel\/los-dones-de-las-mujeres\/","title":{"rendered":"Los dones de las Mujeres"},"content":{"rendered":"<div class=\"wpb-content-wrapper\"><p>[vc_row][vc_column][rev_slider_vc alias=\u00bblazos-1&#8243; el_class=\u00bbmargin-bottom-0&#8243;][\/vc_column][\/vc_row][vc_row][vc_column][la_divider height=\u00bblg:100px;mb:65px;\u00bb][\/vc_column][\/vc_row][vc_row content_placement=\u00bbmiddle\u00bb][vc_column width=\u00bb5\/12&#8243;][la_heading alignment=\u00bbleft\u00bb subtitle_class=\u00bblight font-size-16&#8243; title_color=\u00bb#847C77&#8243;]Memoria conceptual .<\/p>\n<p>En mi obra es recurrente el tema de los tejidos, especialmente el realizados por las teleras de mi provincia. Los elementos que componen esta obra son en su mayor\u00eda los \u201ctorteros\u201d o pesos de hilar, de material cer\u00e1mico, esenciales en la tarea del hilado, como los que se hallaron en los sitios arqueol\u00f3gicos en grandes cantidades y caracterizados por la profusi\u00f3n en la decoraci\u00f3n, como estrategias de reforzamiento de las identidades locales .<br \/>\nLas recientes investigaciones arqueol\u00f3gicas sostienen que los v\u00ednculos de los pobladores de la llanura santiague\u00f1a con otras poblaciones estaban regidos por intercambios rec\u00edprocos , a la manera de la econom\u00eda del don. Los torteros son los elementos que podr\u00edan haber actuado como dones y contradones en situaci\u00f3n de alianza y reciprocidad (Taboada y Angiorama 2010).<br \/>\nEstas peque\u00f1as piezas parecen haber sido muy importantes en estas construcciones de v\u00ednculos, de alianzas entre comunidades, y tambi\u00e9n actuaban como resistencias en las luchas identitarias.<\/p>\n<p>Reciprocidad es la correspondencia mutua de una persona o cosa con otra . Implica un beneficio mutuo, es uno de los valores fundamentales en toda relaci\u00f3n humana . Los dones son esas ofrendas o regalos , hablan de un intercambio entre comunidades, a la manera de obsequios, consecuentes con la econom\u00eda del don. En su Ensayo sobre el don, Marcel Maus sostiene que el don o regalo implica una obligaci\u00f3n de reciprocidad que caracteriza las relaciones en las sociedades simples. El recibir me pone en la situaci\u00f3n de necesitar dar en correspondencia .[\/la_heading][\/vc_column][vc_column width=\u00bb1\/12&#8243; offset=\u00bbvc_hidden-xs\u00bb][\/vc_column][vc_column width=\u00bb6\/12&#8243;][la_divider height=\u00bbmb:30px;\u00bb][\/vc_column][\/vc_row][vc_row][vc_column][la_divider height=\u00bblg:100px;mb:40px;\u00bb][\/vc_column][\/vc_row][vc_row full_width=\u00bbstretch_row_content_no_spaces\u00bb content_placement=\u00bbbottom\u00bb css=\u00bb.vc_custom_1766085996050{margin-top: 10px !important;background-color: #FAFAFA !important;}\u00bb][vc_column width=\u00bb1\/2&#8243; css=\u00bb.vc_custom_1764888647056{padding-top: 0px !important;}\u00bb][vc_single_image image=\u00bb2624&#8243; img_size=\u00bbfull\u00bb alignment=\u00bbcenter\u00bb css=\u00bb.vc_custom_1766152303229{margin-top: 0px !important;margin-right: 0px !important;margin-bottom: 0px !important;margin-left: 0px !important;padding-top: 0px !important;padding-right: 0px !important;padding-bottom: 0px !important;padding-left: 0px !important;}\u00bb][\/vc_column][vc_column width=\u00bb1\/2&#8243;][la_divider height=\u00bbmb:20px;\u00bb][vc_row_inner][vc_column_inner width=\u00bb1\/6&#8243;][\/vc_column_inner][vc_column_inner width=\u00bb2\/3&#8243;][vc_separator color=\u00bbcustom\u00bb el_width=\u00bb40&#8243; css=\u00bb\u00bb accent_color=\u00bb#847C77&#8243;][la_heading subtitle_class=\u00bblight font-size-16&#8243; title_color=\u00bb#847C77&#8243; title_fz=\u00bblg:14px;\u00bb]\n<p style=\"text-align: center;\"><em>\u201cLos dones de las mujeres \u201c<\/em><\/p>\n<p style=\"text-align: center;\">Cer\u00e1mica esmaltada, fibras de lana , madera esmaltada<br \/>\n200 x 100 x 100 cm<br \/>\n2022<br \/>\nMarzo, Mujer y Memoria , FNA<br \/>\nCasa de la cultura Victoria Ocampo. marzo de 2022<\/p>\n<p>[\/la_heading][\/vc_column_inner][vc_column_inner width=\u00bb1\/6&#8243;][\/vc_column_inner][\/vc_row_inner][la_divider height=\u00bblg:60px;mb:30px;\u00bb][\/vc_column][\/vc_row][vc_row full_width=\u00bbstretch_row_content_no_spaces\u00bb content_placement=\u00bbbottom\u00bb css=\u00bb.vc_custom_1766085999132{margin-top: 10px !important;background-color: #FFFFFF !important;}\u00bb][vc_column width=\u00bb1\/2&#8243; css=\u00bb.vc_custom_1764888649965{padding-top: 0px !important;}\u00bb][vc_single_image image=\u00bb2381&#8243; img_size=\u00bbfull\u00bb alignment=\u00bbcenter\u00bb css=\u00bb.vc_custom_1765311397333{margin-top: 0px !important;margin-right: 0px !important;margin-bottom: 0px !important;margin-left: 0px !important;padding-top: 0px !important;padding-right: 0px !important;padding-bottom: 0px !important;padding-left: 0px !important;}\u00bb][\/vc_column][vc_column width=\u00bb1\/2&#8243;][la_divider height=\u00bbmb:20px;\u00bb][vc_row_inner][vc_column_inner width=\u00bb1\/6&#8243;][\/vc_column_inner][vc_column_inner width=\u00bb2\/3&#8243;][vc_separator color=\u00bbcustom\u00bb el_width=\u00bb40&#8243; css=\u00bb\u00bb accent_color=\u00bb#847C77&#8243;][la_heading subtitle_class=\u00bblight font-size-16&#8243; title_color=\u00bb#847C77&#8243; title_fz=\u00bblg:14px;\u00bb]\n<p style=\"text-align: center;\"><em>\u201cDetalle \u201c<\/em><\/p>\n<p style=\"text-align: center;\">Cer\u00e1mica esmaltada, fibras de lana , madera esmaltada<br \/>\n200 x 100 x 100 cm<br \/>\n2022<br \/>\nMarzo, Mujer y Memoria , FNA<\/p>\n<p>[\/la_heading][\/vc_column_inner][vc_column_inner width=\u00bb1\/6&#8243;][\/vc_column_inner][\/vc_row_inner][la_divider height=\u00bblg:60px;mb:30px;\u00bb][\/vc_column][\/vc_row][vc_row full_width=\u00bbstretch_row_content_no_spaces\u00bb content_placement=\u00bbbottom\u00bb css=\u00bb.vc_custom_1766086003274{margin-top: 10px !important;background-color: #FAFAFA !important;}\u00bb][vc_column width=\u00bb1\/2&#8243; css=\u00bb.vc_custom_1764888652224{padding-top: 0px !important;}\u00bb][vc_single_image image=\u00bb2382&#8243; img_size=\u00bbfull\u00bb alignment=\u00bbcenter\u00bb css=\u00bb.vc_custom_1765311443467{margin-top: 0px !important;margin-right: 0px !important;margin-bottom: 0px !important;margin-left: 0px !important;padding-top: 0px !important;padding-right: 0px !important;padding-bottom: 0px !important;padding-left: 0px !important;}\u00bb][\/vc_column][vc_column width=\u00bb1\/2&#8243;][la_divider height=\u00bbmb:20px;\u00bb][vc_row_inner][vc_column_inner width=\u00bb1\/6&#8243;][\/vc_column_inner][vc_column_inner width=\u00bb2\/3&#8243;][vc_separator color=\u00bbcustom\u00bb el_width=\u00bb40&#8243; css=\u00bb\u00bb accent_color=\u00bb#847C77&#8243;][la_heading subtitle_class=\u00bblight font-size-16&#8243; title_color=\u00bb#847C77&#8243; title_fz=\u00bblg:14px;\u00bb]\n<p style=\"text-align: center;\"><em>\u201cVelo de la serie Los dones de las mujeres\u201c<\/em><br \/>\nCer\u00e1mica esmaltada, fibras de lana , madera esmaltada, gasa de algodon<br \/>\n200 x 100 x 100 cm<br \/>\n2022<\/p>\n<p>[\/la_heading][\/vc_column_inner][vc_column_inner width=\u00bb1\/6&#8243;][\/vc_column_inner][\/vc_row_inner][la_divider height=\u00bblg:60px;mb:30px;\u00bb][\/vc_column][\/vc_row][vc_row full_width=\u00bbstretch_row_content_no_spaces\u00bb content_placement=\u00bbbottom\u00bb css=\u00bb.vc_custom_1766086007497{margin-top: 10px !important;background-color: #FAFAFA00 !important;}\u00bb][vc_column width=\u00bb1\/2&#8243; css=\u00bb.vc_custom_1764888663016{padding-top: 0px !important;}\u00bb][vc_single_image image=\u00bb2646&#8243; img_size=\u00bbfull\u00bb alignment=\u00bbcenter\u00bb css=\u00bb.vc_custom_1766407702853{margin-top: 0px !important;margin-right: 0px !important;margin-bottom: 0px !important;margin-left: 0px !important;padding-top: 0px !important;padding-right: 0px !important;padding-bottom: 0px !important;padding-left: 0px !important;}\u00bb][\/vc_column][vc_column width=\u00bb1\/2&#8243;][la_divider height=\u00bbmb:20px;\u00bb][vc_row_inner][vc_column_inner width=\u00bb1\/6&#8243;][\/vc_column_inner][vc_column_inner width=\u00bb2\/3&#8243;][vc_separator color=\u00bbcustom\u00bb el_width=\u00bb40&#8243; css=\u00bb\u00bb accent_color=\u00bb#847C77&#8243;][la_heading subtitle_class=\u00bblight font-size-16&#8243; title_color=\u00bb#847C77&#8243; title_fz=\u00bblg:14px;\u00bb]\n<p style=\"text-align: center;\"><em>\u201cLos Dones V\u201c<\/em><br \/>\n<span style=\"font-weight: 400;\">Cer\u00e1mica esmaltada, fibras de lana, mimbre,\u00a0 resina epoxi\u00a0<\/span><span style=\"font-weight: 400;\"><br \/>\n<\/span><span style=\"font-weight: 400;\">180\u00a0 x 100 x 15 \u00a0cm\u00a0<\/span><span style=\"font-weight: 400;\"><br \/>\n<\/span><span style=\"font-weight: 400;\">2025<\/span><span style=\"font-weight: 400;\"><br \/>\n<\/span><\/p>\n<p>[\/la_heading][\/vc_column_inner][vc_column_inner width=\u00bb1\/6&#8243;][\/vc_column_inner][\/vc_row_inner][la_divider height=\u00bblg:60px;mb:30px;\u00bb][\/vc_column][\/vc_row][vc_row full_width=\u00bbstretch_row_content_no_spaces\u00bb content_placement=\u00bbbottom\u00bb css=\u00bb.vc_custom_1766086014678{margin-top: 10px !important;background-color: #FAFAFA !important;}\u00bb][vc_column width=\u00bb1\/2&#8243; css=\u00bb.vc_custom_1764888665929{padding-top: 0px !important;}\u00bb][vc_single_image image=\u00bb2593&#8243; img_size=\u00bbfull\u00bb alignment=\u00bbcenter\u00bb css=\u00bb.vc_custom_1766099538596{margin-top: 0px !important;margin-right: 0px !important;margin-bottom: 0px !important;margin-left: 0px !important;padding-top: 0px !important;padding-right: 0px !important;padding-bottom: 0px !important;padding-left: 0px !important;}\u00bb][\/vc_column][vc_column width=\u00bb1\/2&#8243;][la_divider height=\u00bbmb:20px;\u00bb][vc_row_inner][vc_column_inner width=\u00bb1\/6&#8243;][\/vc_column_inner][vc_column_inner width=\u00bb2\/3&#8243;][vc_separator color=\u00bbcustom\u00bb el_width=\u00bb40&#8243; css=\u00bb\u00bb accent_color=\u00bb#847C77&#8243;][la_heading subtitle_class=\u00bblight font-size-16&#8243; title_color=\u00bb#847C77&#8243; title_fz=\u00bblg:14px;\u00bb]\n<p style=\"text-align: center;\"><em>\u201c<span style=\"font-weight: 400;\">S\/T de la serie Los dones de las mujeres <\/span>\u201c<\/em><br \/>\n<span style=\"font-weight: 400;\">150 x 100 x 12 cm<br \/>\nMixta cer\u00e1mica, lana, resina, mimbre.<br \/>\n2025<br \/>\n<\/span><span style=\"font-weight: 400;\"><br \/>\n<\/span><\/p>\n<p>[\/la_heading][\/vc_column_inner][vc_column_inner width=\u00bb1\/6&#8243;][\/vc_column_inner][\/vc_row_inner][la_divider height=\u00bblg:60px;mb:30px;\u00bb][\/vc_column][\/vc_row][vc_row full_width=\u00bbstretch_row_content_no_spaces\u00bb content_placement=\u00bbbottom\u00bb css=\u00bb.vc_custom_1766759663219{margin-top: 10px !important;background-color: #FAFAFA00 !important;}\u00bb][vc_column width=\u00bb1\/2&#8243; css=\u00bb.vc_custom_1764888665929{padding-top: 0px !important;}\u00bb][vc_single_image image=\u00bb2688&#8243; img_size=\u00bbfull\u00bb alignment=\u00bbcenter\u00bb css=\u00bb.vc_custom_1766759656549{margin-top: 0px !important;margin-right: 0px !important;margin-bottom: 0px !important;margin-left: 0px !important;padding-top: 0px !important;padding-right: 0px !important;padding-bottom: 0px !important;padding-left: 0px !important;}\u00bb][\/vc_column][vc_column width=\u00bb1\/2&#8243;][la_divider height=\u00bbmb:20px;\u00bb][vc_row_inner][vc_column_inner width=\u00bb1\/6&#8243;][\/vc_column_inner][vc_column_inner width=\u00bb2\/3&#8243;][vc_separator color=\u00bbcustom\u00bb el_width=\u00bb40&#8243; css=\u00bb\u00bb accent_color=\u00bb#847C77&#8243;][la_heading subtitle_class=\u00bblight font-size-16&#8243; title_color=\u00bb#847C77&#8243; title_fz=\u00bblg:14px;\u00bb]\n<p style=\"text-align: center;\"><em>\u201c<span style=\"font-weight: 400;\">S\/T de la serie Los dones de las mujeres <\/span>\u201c<\/em><br \/>\n<span style=\"font-weight: 400;\">150 x 100 x 12 cm<br \/>\nMixta cer\u00e1mica, lana, fieltro, resina,.<br \/>\n2025<br \/>\n<\/span><span style=\"font-weight: 400;\"><br \/>\n<\/span><\/p>\n<p>[\/la_heading][\/vc_column_inner][vc_column_inner width=\u00bb1\/6&#8243;][\/vc_column_inner][\/vc_row_inner][la_divider height=\u00bblg:60px;mb:30px;\u00bb][\/vc_column][\/vc_row][vc_row full_width=\u00bbstretch_row_content_no_spaces\u00bb content_placement=\u00bbbottom\u00bb css=\u00bb.vc_custom_1766759670282{margin-top: 10px !important;background-color: #FAFAFA !important;}\u00bb][vc_column width=\u00bb1\/2&#8243; css=\u00bb.vc_custom_1764888665929{padding-top: 0px !important;}\u00bb][vc_single_image image=\u00bb2379&#8243; img_size=\u00bbfull\u00bb alignment=\u00bbcenter\u00bb css=\u00bb.vc_custom_1766152369497{margin-top: 0px !important;margin-right: 0px !important;margin-bottom: 0px !important;margin-left: 0px !important;padding-top: 0px !important;padding-right: 0px !important;padding-bottom: 0px !important;padding-left: 0px !important;}\u00bb][\/vc_column][vc_column width=\u00bb1\/2&#8243;][la_divider height=\u00bbmb:20px;\u00bb][vc_row_inner][vc_column_inner width=\u00bb1\/6&#8243;][\/vc_column_inner][vc_column_inner width=\u00bb2\/3&#8243;][vc_separator color=\u00bbcustom\u00bb el_width=\u00bb40&#8243; css=\u00bb\u00bb accent_color=\u00bb#847C77&#8243;][la_heading subtitle_class=\u00bblight font-size-16&#8243; title_color=\u00bb#847C77&#8243; title_fz=\u00bblg:14px;\u00bb]\n<p style=\"text-align: center;\"><em>\u201c<span style=\"font-weight: 400;\">Los dones de las mujeres III<\/span>\u201c<\/em><br \/>\n<span style=\"font-weight: 400;\">Cer\u00e1mica esmaltada, fibras de lana , malla met\u00e1lica esmaltada<br \/>\n200 x 100 x 100 cm<br \/>\n2023<br \/>\n113\u00b7 Sal\u00f3n Nacional de Artes Visuales <\/span><span style=\"font-weight: 400;\"><br \/>\n<\/span><\/p>\n<p>[\/la_heading][\/vc_column_inner][vc_column_inner width=\u00bb1\/6&#8243;][\/vc_column_inner][\/vc_row_inner][la_divider height=\u00bblg:60px;mb:30px;\u00bb][\/vc_column][\/vc_row][vc_row full_width=\u00bbstretch_row_content_no_spaces\u00bb content_placement=\u00bbbottom\u00bb css=\u00bb.vc_custom_1766759676455{margin-top: 10px !important;background-color: #FAFAFA00 !important;}\u00bb][vc_column width=\u00bb1\/2&#8243; css=\u00bb.vc_custom_1764888665929{padding-top: 0px !important;}\u00bb][vc_single_image image=\u00bb2614&#8243; img_size=\u00bbfull\u00bb alignment=\u00bbcenter\u00bb css=\u00bb.vc_custom_1766151103512{margin-top: 0px !important;margin-right: 0px !important;margin-bottom: 0px !important;margin-left: 0px !important;padding-top: 0px !important;padding-right: 0px !important;padding-bottom: 0px !important;padding-left: 0px !important;}\u00bb][\/vc_column][vc_column width=\u00bb1\/2&#8243;][la_divider height=\u00bbmb:20px;\u00bb][vc_row_inner][vc_column_inner width=\u00bb1\/6&#8243;][\/vc_column_inner][vc_column_inner width=\u00bb2\/3&#8243;][vc_separator color=\u00bbcustom\u00bb el_width=\u00bb40&#8243; css=\u00bb\u00bb accent_color=\u00bb#847C77&#8243;][la_heading subtitle_class=\u00bblight font-size-16&#8243; title_color=\u00bb#847C77&#8243; title_fz=\u00bblg:14px;\u00bb]\n<p style=\"text-align: center;\"><em>\u201c<span style=\"font-weight: 400;\">Tortero<\/span>\u201c<\/em><br \/>\n<span style=\"font-weight: 400;\">chapa de acero soldada patinada \u00a0( obra en proceso )\u00a0<\/span><span style=\"font-weight: 400;\"><br \/>\n<\/span><span style=\"font-weight: 400;\">45 x 122x 122 \u00a0cm\u00a0<\/span><span style=\"font-weight: 400;\"><br \/>\n<\/span><span style=\"font-weight: 400;\">2025<\/span><span style=\"font-weight: 400;\"><br \/>\n<\/span><\/p>\n<p>[\/la_heading][\/vc_column_inner][vc_column_inner width=\u00bb1\/6&#8243;][\/vc_column_inner][\/vc_row_inner][la_divider height=\u00bblg:60px;mb:30px;\u00bb][\/vc_column][\/vc_row][vc_row full_width=\u00bbstretch_row_content_no_spaces\u00bb content_placement=\u00bbbottom\u00bb css=\u00bb.vc_custom_1766759682922{margin-top: 10px !important;background-color: #FAFAFA !important;}\u00bb][vc_column width=\u00bb1\/2&#8243; css=\u00bb.vc_custom_1764888668392{padding-top: 0px !important;}\u00bb][vc_single_image image=\u00bb2388&#8243; img_size=\u00bbfull\u00bb alignment=\u00bbcenter\u00bb css=\u00bb.vc_custom_1765311707232{margin-top: 0px !important;margin-right: 0px !important;margin-bottom: 0px !important;margin-left: 0px !important;padding-top: 0px !important;padding-right: 0px !important;padding-bottom: 0px !important;padding-left: 0px !important;}\u00bb][\/vc_column][vc_column width=\u00bb1\/2&#8243;][la_divider height=\u00bbmb:20px;\u00bb][vc_row_inner][vc_column_inner width=\u00bb1\/6&#8243;][\/vc_column_inner][vc_column_inner width=\u00bb2\/3&#8243;][vc_separator color=\u00bbcustom\u00bb el_width=\u00bb40&#8243; css=\u00bb\u00bb accent_color=\u00bb#847C77&#8243;][la_heading subtitle_class=\u00bblight font-size-16&#8243; title_color=\u00bb#847C77&#8243; title_fz=\u00bblg:14px;\u00bb]\n<p style=\"text-align: center;\"><em>\u201cMont\u00f3n\u201c<\/em><br \/>\npiezas en cer\u00e1mica esmaltada , imitaci\u00f3n de las piezas arqueol\u00f3gicas .<br \/>\nmedidas variables5 a 10 cm di\u00e1metro, cantidad mas de 300 piezas<br \/>\n2025<\/p>\n<p>[\/la_heading][\/vc_column_inner][vc_column_inner width=\u00bb1\/6&#8243;][\/vc_column_inner][\/vc_row_inner][la_divider height=\u00bblg:60px;mb:40px;\u00bb][\/vc_column][\/vc_row][vc_row][vc_column][la_divider height=\u00bblg:60px;\u00bb][\/vc_column][\/vc_row][vc_row full_width=\u00bbstretch_row\u00bb][vc_column width=\u00bb1\/4&#8243;][vc_single_image image=\u00bb2083&#8243; img_size=\u00bbfull\u00bb alignment=\u00bbcenter\u00bb onclick=\u00bbcustom_link\u00bb css=\u00bb\u00bb el_class=\u00bbobras\u00bb link=\u00bbhttps:\/\/gdz-design.com\/clientes\/ceciliateruel\/otras-historias\/\u00bb][la_heading tag=\u00bbh6&#8243; title=\u00bbOtras historias\u00bb subtitle_class=\u00bblight font-size-16&#8243; title_color=\u00bb#847C77&#8243; title_fz=\u00bblg:14px;\u00bb][\/la_heading][la_divider height=\u00bbmb:10px;\u00bb][\/vc_column][vc_column width=\u00bb1\/4&#8243;][vc_single_image image=\u00bb2084&#8243; img_size=\u00bbfull\u00bb alignment=\u00bbcenter\u00bb onclick=\u00bbcustom_link\u00bb css=\u00bb\u00bb el_class=\u00bbobras\u00bb link=\u00bbhttps:\/\/gdz-design.com\/clientes\/ceciliateruel\/los-dones-de-las-mujeres\/\u00bb][la_heading tag=\u00bbh6&#8243; title=\u00bbLos dones de las mujeres\u00bb subtitle_class=\u00bblight font-size-16&#8243; title_color=\u00bb#847C77&#8243; title_fz=\u00bblg:14px;\u00bb][\/la_heading][la_divider height=\u00bbmb:10px;\u00bb][\/vc_column][vc_column width=\u00bb1\/4&#8243;][vc_single_image image=\u00bb2085&#8243; img_size=\u00bbfull\u00bb alignment=\u00bbcenter\u00bb onclick=\u00bbcustom_link\u00bb css=\u00bb\u00bb el_class=\u00bbobras\u00bb link=\u00bbhttps:\/\/gdz-design.com\/clientes\/ceciliateruel\/devenir-signo\/\u00bb][la_heading tag=\u00bbh6&#8243; title=\u00bbDevenir Signo\u00bb subtitle_class=\u00bblight font-size-16&#8243; title_color=\u00bb#847C77&#8243; title_fz=\u00bblg:14px;\u00bb][\/la_heading][la_divider height=\u00bbmb:10px;\u00bb][\/vc_column][vc_column width=\u00bb1\/4&#8243;][vc_single_image image=\u00bb2086&#8243; img_size=\u00bbfull\u00bb alignment=\u00bbcenter\u00bb onclick=\u00bbcustom_link\u00bb css=\u00bb\u00bb el_class=\u00bbobras\u00bb link=\u00bbhttps:\/\/gdz-design.com\/clientes\/ceciliateruel\/entre-lineas\/\u00bb][la_heading tag=\u00bbh6&#8243; title=\u00bbEntre l\u00edneas\u00bb subtitle_class=\u00bblight font-size-16&#8243; title_color=\u00bb#847C77&#8243; title_fz=\u00bblg:14px;\u00bb][\/la_heading][la_divider height=\u00bbmb:10px;\u00bb][\/vc_column][\/vc_row][vc_row full_width=\u00bbstretch_row\u00bb][vc_column width=\u00bb1\/4&#8243;][vc_single_image image=\u00bb2087&#8243; img_size=\u00bbfull\u00bb alignment=\u00bbcenter\u00bb onclick=\u00bbcustom_link\u00bb css=\u00bb\u00bb el_class=\u00bbobras\u00bb link=\u00bbhttps:\/\/gdz-design.com\/clientes\/ceciliateruel\/lazos\/\u00bb][la_heading tag=\u00bbh6&#8243; title=\u00bbLazos\u00bb subtitle_class=\u00bblight font-size-16&#8243; title_color=\u00bb#847C77&#8243; title_fz=\u00bblg:14px;\u00bb][\/la_heading][la_divider height=\u00bbmb:10px;\u00bb][\/vc_column][vc_column width=\u00bb1\/4&#8243;][vc_single_image image=\u00bb2088&#8243; img_size=\u00bbfull\u00bb alignment=\u00bbcenter\u00bb onclick=\u00bbcustom_link\u00bb css=\u00bb\u00bb el_class=\u00bbobras\u00bb link=\u00bbhttps:\/\/gdz-design.com\/clientes\/ceciliateruel\/para-llegar-al-cielo\/\u00bb][la_heading tag=\u00bbh6&#8243; title=\u00bbPara llegar al Cielo\u00bb subtitle_class=\u00bblight font-size-16&#8243; title_color=\u00bb#847C77&#8243; title_fz=\u00bblg:14px;\u00bb][\/la_heading][la_divider height=\u00bbmb:10px;\u00bb][\/vc_column][vc_column width=\u00bb1\/4&#8243;][vc_single_image image=\u00bb2089&#8243; img_size=\u00bbfull\u00bb alignment=\u00bbcenter\u00bb onclick=\u00bbcustom_link\u00bb css=\u00bb\u00bb el_class=\u00bbobras\u00bb link=\u00bbhttps:\/\/gdz-design.com\/clientes\/ceciliateruel\/pequenas-cosas\/\u00bb][la_heading tag=\u00bbh6&#8243; title=\u00bbPeque\u00f1as Cosas\u00bb subtitle_class=\u00bblight font-size-16&#8243; title_color=\u00bb#847C77&#8243; title_fz=\u00bblg:14px;\u00bb][\/la_heading][la_divider height=\u00bbmb:10px;\u00bb][\/vc_column][vc_column width=\u00bb1\/4&#8243;][vc_single_image image=\u00bb2090&#8243; img_size=\u00bbfull\u00bb alignment=\u00bbcenter\u00bb onclick=\u00bbcustom_link\u00bb css=\u00bb\u00bb el_class=\u00bbobras\u00bb link=\u00bbhttps:\/\/gdz-design.com\/clientes\/ceciliateruel\/obras-en-espacios-publicos\/\u00bb][la_heading tag=\u00bbh6&#8243; title=\u00bbEspacios P\u00fablicos\u00bb subtitle_class=\u00bblight font-size-16&#8243; title_color=\u00bb#847C77&#8243; title_fz=\u00bblg:14px;\u00bb][\/la_heading][la_divider height=\u00bbmb:10px;\u00bb][\/vc_column][\/vc_row]<\/p>\n<\/div>","protected":false},"excerpt":{"rendered":"<p>[vc_row][vc_column][rev_slider_vc alias=\u00bblazos-1&#8243; el_class=\u00bbmargin-bottom-0&#8243;][\/vc_column][\/vc_row][vc_row][vc_column][la_divider height=\u00bblg:100px;mb:65px;\u00bb][\/vc_column][\/vc_row][vc_row content_placement=\u00bbmiddle\u00bb][vc_column width=\u00bb5\/12&#8243;][la_heading alignment=\u00bbleft\u00bb subtitle_class=\u00bblight font-size-16&#8243; title_color=\u00bb#847C77&#8243;]Memoria conceptual . En mi obra es recurrente el tema de los tejidos, especialmente el realizados por las teleras de mi provincia. Los elementos que componen esta obra son en su mayor\u00eda los \u201ctorteros\u201d o pesos de hilar, de material cer\u00e1mico, esenciales en la tarea del hilado, como los que se&hellip;<\/p>\n","protected":false},"author":1,"featured_media":0,"parent":0,"menu_order":0,"comment_status":"closed","ping_status":"closed","template":"","meta":{"footnotes":""},"class_list":["post-2373","page","type-page","status-publish","hentry"],"_links":{"self":[{"href":"https:\/\/gdz-design.com\/clientes\/ceciliateruel\/wp-json\/wp\/v2\/pages\/2373","targetHints":{"allow":["GET"]}}],"collection":[{"href":"https:\/\/gdz-design.com\/clientes\/ceciliateruel\/wp-json\/wp\/v2\/pages"}],"about":[{"href":"https:\/\/gdz-design.com\/clientes\/ceciliateruel\/wp-json\/wp\/v2\/types\/page"}],"author":[{"embeddable":true,"href":"https:\/\/gdz-design.com\/clientes\/ceciliateruel\/wp-json\/wp\/v2\/users\/1"}],"replies":[{"embeddable":true,"href":"https:\/\/gdz-design.com\/clientes\/ceciliateruel\/wp-json\/wp\/v2\/comments?post=2373"}],"version-history":[{"count":21,"href":"https:\/\/gdz-design.com\/clientes\/ceciliateruel\/wp-json\/wp\/v2\/pages\/2373\/revisions"}],"predecessor-version":[{"id":2696,"href":"https:\/\/gdz-design.com\/clientes\/ceciliateruel\/wp-json\/wp\/v2\/pages\/2373\/revisions\/2696"}],"wp:attachment":[{"href":"https:\/\/gdz-design.com\/clientes\/ceciliateruel\/wp-json\/wp\/v2\/media?parent=2373"}],"curies":[{"name":"wp","href":"https:\/\/api.w.org\/{rel}","templated":true}]}}