{"id":2332,"date":"2025-12-09T19:35:04","date_gmt":"2025-12-09T19:35:04","guid":{"rendered":"https:\/\/gdz-design.com\/clientes\/ceciliateruel\/?page_id=2332"},"modified":"2025-12-26T14:28:39","modified_gmt":"2025-12-26T14:28:39","slug":"entre-lineas","status":"publish","type":"page","link":"https:\/\/gdz-design.com\/clientes\/ceciliateruel\/entre-lineas\/","title":{"rendered":"Entre l\u00edneas"},"content":{"rendered":"<div class=\"wpb-content-wrapper\"><p>[vc_row][vc_column][rev_slider_vc alias=\u00bbdevenir-signo-1&#8243; el_class=\u00bbmargin-bottom-0&#8243;][\/vc_column][\/vc_row][vc_row][vc_column][la_divider height=\u00bblg:100px;mb:65px;\u00bb][\/vc_column][\/vc_row][vc_row content_placement=\u00bbmiddle\u00bb][vc_column width=\u00bb5\/12&#8243;][la_heading alignment=\u00bbleft\u00bb subtitle_class=\u00bblight font-size-16&#8243; title_color=\u00bb#847C77&#8243;]L\u00ednea de tiempos<\/p>\n<p>Esculturas murales de madera de Cecilia Teruel.<\/p>\n<p>La l\u00ednea es el elemento de conexi\u00f3n entre los tejidos de memoria que implican tiempos detenidos. Paradojas del tiempo construidas de hilos, nudos, trama.<\/p>\n<p>Pensar el tiempo como el sentido de esa l\u00ednea que construye la obra, es otro intento de entender el misterio que nos separa del infinito. En estas piezas se plantean dos dimensiones temporales y espaciales, que se constituyen en si mismas, en un juego de alternancias y equilibrios.<\/p>\n<p>La cuesti\u00f3n de lo ef\u00edmero tiene que ver con aquello que no perdura, que se vuelve inmaterial. Hay un recorrido, un desplazamiento que representa una transformaci\u00f3n, un espacio que esta m\u00e1s all\u00e1 de lo que vemos.<\/p>\n<p>En oposici\u00f3n, el tejido representa la relaci\u00f3n con la tierra y con la tradici\u00f3n heredada, implica repetici\u00f3n y memoria puesta fuera del cuerpo, trabajo muy prolongado de paciencia infinita.<\/p>\n<p>La l\u00ednea se inmiscuye en los planos los perfora, nace, se pierde, se borra, intenta mostrar, desocultar, hacer ver en el silencio. No quiere hacer de frontera, de l\u00edmite entre dos territorios, sino pretende atar, tejer, recorrer, invadir, texturar.[\/la_heading][\/vc_column][vc_column width=\u00bb1\/12&#8243; offset=\u00bbvc_hidden-xs\u00bb][\/vc_column][vc_column width=\u00bb6\/12&#8243;][la_divider height=\u00bbmb:30px;\u00bb][\/vc_column][\/vc_row][vc_row][vc_column][la_divider height=\u00bblg:100px;mb:40px;\u00bb][\/vc_column][\/vc_row][vc_row full_width=\u00bbstretch_row_content_no_spaces\u00bb content_placement=\u00bbmiddle\u00bb css=\u00bb.vc_custom_1766085881255{margin-top: 10px !important;background-color: #FAFAFA00 !important;}\u00bb][vc_column width=\u00bb1\/2&#8243; css=\u00bb.vc_custom_1764888647056{padding-top: 0px !important;}\u00bb][vc_single_image image=\u00bb2338&#8243; img_size=\u00bbfull\u00bb alignment=\u00bbcenter\u00bb css=\u00bb.vc_custom_1765309824294{margin-top: 0px !important;margin-right: 0px !important;margin-bottom: 0px !important;margin-left: 0px !important;padding-top: 0px !important;padding-right: 0px !important;padding-bottom: 0px !important;padding-left: 0px !important;}\u00bb][\/vc_column][vc_column width=\u00bb1\/2&#8243;][vc_row_inner][vc_column_inner width=\u00bb1\/6&#8243;][\/vc_column_inner][vc_column_inner width=\u00bb2\/3&#8243;][vc_separator color=\u00bbcustom\u00bb el_width=\u00bb40&#8243; css=\u00bb\u00bb accent_color=\u00bb#847C77&#8243;][la_heading subtitle_class=\u00bblight font-size-16&#8243; title_color=\u00bb#847C77&#8243; title_fz=\u00bblg:14px;\u00bb]\n<p style=\"text-align: center;\"><em>\u201cOvillo\u201c<\/em><\/p>\n<p style=\"text-align: center;\">18 x 30 x 18 cm<br \/>\nTalla en algarrobo<br \/>\n2010<\/p>\n<p>[\/la_heading][\/vc_column_inner][vc_column_inner width=\u00bb1\/6&#8243;][\/vc_column_inner][\/vc_row_inner][la_divider height=\u00bblg:60px;mb:30px;\u00bb][\/vc_column][\/vc_row][vc_row full_width=\u00bbstretch_row_content_no_spaces\u00bb content_placement=\u00bbmiddle\u00bb css=\u00bb.vc_custom_1766085877470{margin-top: 10px !important;background-color: #FAFAFA !important;}\u00bb][vc_column width=\u00bb1\/2&#8243; css=\u00bb.vc_custom_1764888657152{padding-top: 0px !important;}\u00bb][vc_single_image image=\u00bb2342&#8243; img_size=\u00bbfull\u00bb alignment=\u00bbcenter\u00bb css=\u00bb.vc_custom_1765309948437{margin-top: 0px !important;margin-right: 0px !important;margin-bottom: 0px !important;margin-left: 0px !important;padding-top: 0px !important;padding-right: 0px !important;padding-bottom: 0px !important;padding-left: 0px !important;}\u00bb][\/vc_column][vc_column width=\u00bb1\/2&#8243;][la_divider height=\u00bbmb:20px;\u00bb][vc_row_inner][vc_column_inner width=\u00bb1\/6&#8243;][\/vc_column_inner][vc_column_inner width=\u00bb2\/3&#8243;][vc_separator color=\u00bbcustom\u00bb el_width=\u00bb40&#8243; css=\u00bb\u00bb accent_color=\u00bb#847C77&#8243;][la_heading subtitle_class=\u00bblight font-size-16&#8243; title_color=\u00bb#847C77&#8243; title_fz=\u00bblg:14px;\u00bb]\n<p style=\"text-align: center;\"><em>\u201cHilados VI\u201c<\/em><\/p>\n<p style=\"text-align: center;\">Talla en madera sobre MDF<br \/>\n150 x 30 x 20 cm<br \/>\n2010<\/p>\n<p>[\/la_heading][\/vc_column_inner][vc_column_inner width=\u00bb1\/6&#8243;][\/vc_column_inner][\/vc_row_inner][la_divider height=\u00bblg:60px;mb:30px;\u00bb][\/vc_column][\/vc_row][vc_row full_width=\u00bbstretch_row_content_no_spaces\u00bb content_placement=\u00bbmiddle\u00bb css=\u00bb.vc_custom_1766085873723{margin-top: 10px !important;}\u00bb][vc_column width=\u00bb1\/2&#8243; css=\u00bb.vc_custom_1764888659953{padding-top: 0px !important;}\u00bb][vc_single_image image=\u00bb2344&#8243; img_size=\u00bbfull\u00bb alignment=\u00bbcenter\u00bb css=\u00bb.vc_custom_1765310016485{margin-top: 0px !important;margin-right: 0px !important;margin-bottom: 0px !important;margin-left: 0px !important;padding-top: 0px !important;padding-right: 0px !important;padding-bottom: 0px !important;padding-left: 0px !important;}\u00bb][\/vc_column][vc_column width=\u00bb1\/2&#8243;][la_divider height=\u00bbmb:20px;\u00bb][vc_row_inner][vc_column_inner width=\u00bb1\/6&#8243;][\/vc_column_inner][vc_column_inner width=\u00bb2\/3&#8243;][vc_separator color=\u00bbcustom\u00bb el_width=\u00bb40&#8243; css=\u00bb\u00bb accent_color=\u00bb#847C77&#8243;][la_heading subtitle_class=\u00bblight font-size-16&#8243; title_color=\u00bb#847C77&#8243; title_fz=\u00bblg:14px;\u00bb]\n<p style=\"text-align: center;\"><em>\u201cHilados VII\u201c<\/em><\/p>\n<p style=\"text-align: center;\">Talla en madera sobre MDF<br \/>\n150 x 30 x 20 cm<br \/>\n2010<\/p>\n<p>[\/la_heading][\/vc_column_inner][vc_column_inner width=\u00bb1\/6&#8243;][\/vc_column_inner][\/vc_row_inner][la_divider height=\u00bblg:60px;mb:30px;\u00bb][\/vc_column][\/vc_row][vc_row full_width=\u00bbstretch_row_content_no_spaces\u00bb content_placement=\u00bbmiddle\u00bb css=\u00bb.vc_custom_1766085869639{margin-top: 10px !important;background-color: #FAFAFA !important;}\u00bb][vc_column width=\u00bb1\/2&#8243; css=\u00bb.vc_custom_1764888663016{padding-top: 0px !important;}\u00bb][vc_single_image image=\u00bb2343&#8243; img_size=\u00bbfull\u00bb alignment=\u00bbcenter\u00bb css=\u00bb.vc_custom_1765309978219{margin-top: 0px !important;margin-right: 0px !important;margin-bottom: 0px !important;margin-left: 0px !important;padding-top: 0px !important;padding-right: 0px !important;padding-bottom: 0px !important;padding-left: 0px !important;}\u00bb][\/vc_column][vc_column width=\u00bb1\/2&#8243;][la_divider height=\u00bbmb:20px;\u00bb][vc_row_inner][vc_column_inner width=\u00bb1\/6&#8243;][\/vc_column_inner][vc_column_inner width=\u00bb2\/3&#8243;][vc_separator color=\u00bbcustom\u00bb el_width=\u00bb40&#8243; css=\u00bb\u00bb accent_color=\u00bb#847C77&#8243;][la_heading subtitle_class=\u00bblight font-size-16&#8243; title_color=\u00bb#847C77&#8243; title_fz=\u00bblg:14px;\u00bb]\n<p style=\"text-align: center;\"><em>\u201cHilados VIII\u201c<\/em><\/p>\n<p style=\"text-align: center;\">Talla en madera sobre MDF<br \/>\n150 x 30 x 20 cm<br \/>\n2010<\/p>\n<p>[\/la_heading][\/vc_column_inner][vc_column_inner width=\u00bb1\/6&#8243;][\/vc_column_inner][\/vc_row_inner][la_divider height=\u00bblg:60px;mb:30px;\u00bb][\/vc_column][\/vc_row][vc_row full_width=\u00bbstretch_row_content_no_spaces\u00bb content_placement=\u00bbbottom\u00bb css=\u00bb.vc_custom_1766085865619{margin-top: 10px !important;}\u00bb][vc_column width=\u00bb1\/2&#8243; css=\u00bb.vc_custom_1764888665929{padding-top: 0px !important;}\u00bb][vc_single_image image=\u00bb2346&#8243; img_size=\u00bbfull\u00bb alignment=\u00bbcenter\u00bb css=\u00bb.vc_custom_1765310079173{margin-top: 0px !important;margin-right: 0px !important;margin-bottom: 0px !important;margin-left: 0px !important;padding-top: 0px !important;padding-right: 0px !important;padding-bottom: 0px !important;padding-left: 0px !important;}\u00bb][\/vc_column][vc_column width=\u00bb1\/2&#8243;][la_divider height=\u00bbmb:20px;\u00bb][vc_row_inner][vc_column_inner width=\u00bb1\/6&#8243;][\/vc_column_inner][vc_column_inner width=\u00bb2\/3&#8243;][vc_separator color=\u00bbcustom\u00bb el_width=\u00bb40&#8243; css=\u00bb\u00bb accent_color=\u00bb#847C77&#8243;][la_heading subtitle_class=\u00bblight font-size-16&#8243; title_color=\u00bb#847C77&#8243; title_fz=\u00bblg:14px;\u00bb]\n<p style=\"text-align: center;\"><em>\u201cPlegarias\u201c<\/em><br \/>\ninstalacion de ceramicas esmaltadas sobre pared<br \/>\nmedidas variables<br \/>\n2010<\/p>\n<p>[\/la_heading][\/vc_column_inner][vc_column_inner width=\u00bb1\/6&#8243;][\/vc_column_inner][\/vc_row_inner][la_divider height=\u00bblg:60px;mb:30px;\u00bb][\/vc_column][\/vc_row][vc_row full_width=\u00bbstretch_row_content_no_spaces\u00bb content_placement=\u00bbbottom\u00bb css=\u00bb.vc_custom_1766085862056{margin-top: 10px !important;background-color: #FAFAFA !important;}\u00bb][vc_column width=\u00bb1\/2&#8243; css=\u00bb.vc_custom_1764888668392{padding-top: 0px !important;}\u00bb][vc_single_image image=\u00bb2349&#8243; img_size=\u00bbfull\u00bb alignment=\u00bbcenter\u00bb css=\u00bb.vc_custom_1765310151702{margin-top: 0px !important;margin-right: 0px !important;margin-bottom: 0px !important;margin-left: 0px !important;padding-top: 0px !important;padding-right: 0px !important;padding-bottom: 0px !important;padding-left: 0px !important;}\u00bb][\/vc_column][vc_column width=\u00bb1\/2&#8243;][la_divider height=\u00bbmb:20px;\u00bb][vc_row_inner][vc_column_inner width=\u00bb1\/6&#8243;][\/vc_column_inner][vc_column_inner width=\u00bb2\/3&#8243;][vc_separator color=\u00bbcustom\u00bb el_width=\u00bb40&#8243; css=\u00bb\u00bb accent_color=\u00bb#847C77&#8243;][la_heading subtitle_class=\u00bblight font-size-16&#8243; title_color=\u00bb#847C77&#8243; title_fz=\u00bblg:14px;\u00bb]\n<p style=\"text-align: center;\"><em>\u201c Si pudiera\u201c<\/em><br \/>\nInstalaci\u00f3n.talla en madera<br \/>\n640 x 360 x 15 cm<br \/>\nA\u00f1o 2012<\/p>\n<p>[\/la_heading][\/vc_column_inner][vc_column_inner width=\u00bb1\/6&#8243;][\/vc_column_inner][\/vc_row_inner][la_divider height=\u00bblg:60px;mb:40px;\u00bb][\/vc_column][\/vc_row][vc_row full_width=\u00bbstretch_row_content_no_spaces\u00bb content_placement=\u00bbbottom\u00bb css=\u00bb.vc_custom_1766085865619{margin-top: 10px !important;}\u00bb][vc_column width=\u00bb1\/2&#8243; css=\u00bb.vc_custom_1764888665929{padding-top: 0px !important;}\u00bb][vc_single_image image=\u00bb2606&#8243; img_size=\u00bbfull\u00bb alignment=\u00bbcenter\u00bb css=\u00bb.vc_custom_1766150736673{margin-top: 0px !important;margin-right: 0px !important;margin-bottom: 0px !important;margin-left: 0px !important;padding-top: 0px !important;padding-right: 0px !important;padding-bottom: 0px !important;padding-left: 0px !important;}\u00bb][\/vc_column][vc_column width=\u00bb1\/2&#8243;][la_divider height=\u00bbmb:20px;\u00bb][vc_row_inner][vc_column_inner width=\u00bb1\/6&#8243;][\/vc_column_inner][vc_column_inner width=\u00bb2\/3&#8243;][vc_separator color=\u00bbcustom\u00bb el_width=\u00bb40&#8243; css=\u00bb\u00bb accent_color=\u00bb#847C77&#8243;][la_heading subtitle_class=\u00bblight font-size-16&#8243; title_color=\u00bb#847C77&#8243; title_fz=\u00bblg:14px;\u00bb]\n<p style=\"text-align: center;\"><em>\u201cHilados\u201c<\/em><br \/>\nTalla en madera sobre MDF<br \/>\n150 x 30 x 20 cm<br \/>\n2010<\/p>\n<p>[\/la_heading][\/vc_column_inner][vc_column_inner width=\u00bb1\/6&#8243;][\/vc_column_inner][\/vc_row_inner][la_divider height=\u00bblg:60px;mb:30px;\u00bb][\/vc_column][\/vc_row][vc_row full_width=\u00bbstretch_row_content_no_spaces\u00bb content_placement=\u00bbbottom\u00bb css=\u00bb.vc_custom_1766085862056{margin-top: 10px !important;background-color: #FAFAFA !important;}\u00bb][vc_column width=\u00bb1\/2&#8243; css=\u00bb.vc_custom_1764888668392{padding-top: 0px !important;}\u00bb][vc_single_image image=\u00bb2608&#8243; img_size=\u00bbfull\u00bb alignment=\u00bbcenter\u00bb css=\u00bb.vc_custom_1766150842172{margin-top: 0px !important;margin-right: 0px !important;margin-bottom: 0px !important;margin-left: 0px !important;padding-top: 0px !important;padding-right: 0px !important;padding-bottom: 0px !important;padding-left: 0px !important;}\u00bb][\/vc_column][vc_column width=\u00bb1\/2&#8243;][la_divider height=\u00bbmb:20px;\u00bb][vc_row_inner][vc_column_inner width=\u00bb1\/6&#8243;][\/vc_column_inner][vc_column_inner width=\u00bb2\/3&#8243;][vc_separator color=\u00bbcustom\u00bb el_width=\u00bb40&#8243; css=\u00bb\u00bb accent_color=\u00bb#847C77&#8243;][la_heading subtitle_class=\u00bblight font-size-16&#8243; title_color=\u00bb#847C77&#8243; title_fz=\u00bblg:14px;\u00bb]\n<p style=\"text-align: center;\"><em>\u201cHilados III\u201c<\/em><br \/>\nTalla en madera sobre MDF<br \/>\n150 x 30 x 20 cm<br \/>\n2010<\/p>\n<p>[\/la_heading][\/vc_column_inner][vc_column_inner width=\u00bb1\/6&#8243;][\/vc_column_inner][\/vc_row_inner][la_divider height=\u00bblg:60px;mb:40px;\u00bb][\/vc_column][\/vc_row][vc_row full_width=\u00bbstretch_row_content_no_spaces\u00bb content_placement=\u00bbbottom\u00bb css=\u00bb.vc_custom_1766085865619{margin-top: 10px !important;}\u00bb][vc_column width=\u00bb1\/2&#8243; css=\u00bb.vc_custom_1764888665929{padding-top: 0px !important;}\u00bb][vc_single_image image=\u00bb2610&#8243; img_size=\u00bbfull\u00bb alignment=\u00bbcenter\u00bb css=\u00bb.vc_custom_1766150913482{margin-top: 0px !important;margin-right: 0px !important;margin-bottom: 0px !important;margin-left: 0px !important;padding-top: 0px !important;padding-right: 0px !important;padding-bottom: 0px !important;padding-left: 0px !important;}\u00bb][\/vc_column][vc_column width=\u00bb1\/2&#8243;][la_divider height=\u00bbmb:20px;\u00bb][vc_row_inner][vc_column_inner width=\u00bb1\/6&#8243;][\/vc_column_inner][vc_column_inner width=\u00bb2\/3&#8243;][vc_separator color=\u00bbcustom\u00bb el_width=\u00bb40&#8243; css=\u00bb\u00bb accent_color=\u00bb#847C77&#8243;][la_heading subtitle_class=\u00bblight font-size-16&#8243; title_color=\u00bb#847C77&#8243; title_fz=\u00bblg:14px;\u00bb]\n<p style=\"text-align: center;\"><em>\u201cHilados IV\u201c<\/em><br \/>\nTalla en madera sobre MDF<br \/>\n150 x 30 x 20 cm<br \/>\n2010<\/p>\n<p>[\/la_heading][\/vc_column_inner][vc_column_inner width=\u00bb1\/6&#8243;][\/vc_column_inner][\/vc_row_inner][la_divider height=\u00bblg:60px;mb:30px;\u00bb][\/vc_column][\/vc_row][vc_row][vc_column][la_divider height=\u00bblg:60px;\u00bb][\/vc_column][\/vc_row][vc_row full_width=\u00bbstretch_row\u00bb][vc_column width=\u00bb1\/4&#8243;][vc_single_image image=\u00bb2083&#8243; img_size=\u00bbfull\u00bb alignment=\u00bbcenter\u00bb onclick=\u00bbcustom_link\u00bb css=\u00bb\u00bb el_class=\u00bbobras\u00bb link=\u00bbhttps:\/\/gdz-design.com\/clientes\/ceciliateruel\/otras-historias\/\u00bb][la_heading tag=\u00bbh6&#8243; title=\u00bbOtras historias\u00bb subtitle_class=\u00bblight font-size-16&#8243; title_color=\u00bb#847C77&#8243; title_fz=\u00bblg:14px;\u00bb][\/la_heading][la_divider height=\u00bbmb:10px;\u00bb][\/vc_column][vc_column width=\u00bb1\/4&#8243;][vc_single_image image=\u00bb2084&#8243; img_size=\u00bbfull\u00bb alignment=\u00bbcenter\u00bb onclick=\u00bbcustom_link\u00bb css=\u00bb\u00bb el_class=\u00bbobras\u00bb link=\u00bbhttps:\/\/gdz-design.com\/clientes\/ceciliateruel\/los-dones-de-las-mujeres\/\u00bb][la_heading tag=\u00bbh6&#8243; title=\u00bbLos dones de las mujeres\u00bb subtitle_class=\u00bblight font-size-16&#8243; title_color=\u00bb#847C77&#8243; title_fz=\u00bblg:14px;\u00bb][\/la_heading][la_divider height=\u00bbmb:10px;\u00bb][\/vc_column][vc_column width=\u00bb1\/4&#8243;][vc_single_image image=\u00bb2085&#8243; img_size=\u00bbfull\u00bb alignment=\u00bbcenter\u00bb onclick=\u00bbcustom_link\u00bb css=\u00bb\u00bb el_class=\u00bbobras\u00bb link=\u00bbhttps:\/\/gdz-design.com\/clientes\/ceciliateruel\/devenir-signo\/\u00bb][la_heading tag=\u00bbh6&#8243; title=\u00bbDevenir Signo\u00bb subtitle_class=\u00bblight font-size-16&#8243; title_color=\u00bb#847C77&#8243; title_fz=\u00bblg:14px;\u00bb][\/la_heading][la_divider height=\u00bbmb:10px;\u00bb][\/vc_column][vc_column width=\u00bb1\/4&#8243;][vc_single_image image=\u00bb2086&#8243; img_size=\u00bbfull\u00bb alignment=\u00bbcenter\u00bb onclick=\u00bbcustom_link\u00bb css=\u00bb\u00bb el_class=\u00bbobras\u00bb link=\u00bbhttps:\/\/gdz-design.com\/clientes\/ceciliateruel\/entre-lineas\/\u00bb][la_heading tag=\u00bbh6&#8243; title=\u00bbEntre l\u00edneas\u00bb subtitle_class=\u00bblight font-size-16&#8243; title_color=\u00bb#847C77&#8243; title_fz=\u00bblg:14px;\u00bb][\/la_heading][la_divider height=\u00bbmb:10px;\u00bb][\/vc_column][\/vc_row][vc_row full_width=\u00bbstretch_row\u00bb][vc_column width=\u00bb1\/4&#8243;][vc_single_image image=\u00bb2087&#8243; img_size=\u00bbfull\u00bb alignment=\u00bbcenter\u00bb onclick=\u00bbcustom_link\u00bb css=\u00bb\u00bb el_class=\u00bbobras\u00bb link=\u00bbhttps:\/\/gdz-design.com\/clientes\/ceciliateruel\/lazos\/\u00bb][la_heading tag=\u00bbh6&#8243; title=\u00bbLazos\u00bb subtitle_class=\u00bblight font-size-16&#8243; title_color=\u00bb#847C77&#8243; title_fz=\u00bblg:14px;\u00bb][\/la_heading][la_divider height=\u00bbmb:10px;\u00bb][\/vc_column][vc_column width=\u00bb1\/4&#8243;][vc_single_image image=\u00bb2088&#8243; img_size=\u00bbfull\u00bb alignment=\u00bbcenter\u00bb onclick=\u00bbcustom_link\u00bb css=\u00bb\u00bb el_class=\u00bbobras\u00bb link=\u00bbhttps:\/\/gdz-design.com\/clientes\/ceciliateruel\/para-llegar-al-cielo\/\u00bb][la_heading tag=\u00bbh6&#8243; title=\u00bbPara llegar al Cielo\u00bb subtitle_class=\u00bblight font-size-16&#8243; title_color=\u00bb#847C77&#8243; title_fz=\u00bblg:14px;\u00bb][\/la_heading][la_divider height=\u00bbmb:10px;\u00bb][\/vc_column][vc_column width=\u00bb1\/4&#8243;][vc_single_image image=\u00bb2089&#8243; img_size=\u00bbfull\u00bb alignment=\u00bbcenter\u00bb onclick=\u00bbcustom_link\u00bb css=\u00bb\u00bb el_class=\u00bbobras\u00bb link=\u00bbhttps:\/\/gdz-design.com\/clientes\/ceciliateruel\/pequenas-cosas\/\u00bb][la_heading tag=\u00bbh6&#8243; title=\u00bbPeque\u00f1as Cosas\u00bb subtitle_class=\u00bblight font-size-16&#8243; title_color=\u00bb#847C77&#8243; title_fz=\u00bblg:14px;\u00bb][\/la_heading][la_divider height=\u00bbmb:10px;\u00bb][\/vc_column][vc_column width=\u00bb1\/4&#8243;][vc_single_image image=\u00bb2090&#8243; img_size=\u00bbfull\u00bb alignment=\u00bbcenter\u00bb onclick=\u00bbcustom_link\u00bb css=\u00bb\u00bb el_class=\u00bbobras\u00bb link=\u00bbhttps:\/\/gdz-design.com\/clientes\/ceciliateruel\/obras-en-espacios-publicos\/\u00bb][la_heading tag=\u00bbh6&#8243; title=\u00bbEspacios P\u00fablicos\u00bb subtitle_class=\u00bblight font-size-16&#8243; title_color=\u00bb#847C77&#8243; title_fz=\u00bblg:14px;\u00bb][\/la_heading][la_divider height=\u00bbmb:10px;\u00bb][\/vc_column][\/vc_row]<\/p>\n<\/div>","protected":false},"excerpt":{"rendered":"<p>[vc_row][vc_column][rev_slider_vc alias=\u00bbdevenir-signo-1&#8243; el_class=\u00bbmargin-bottom-0&#8243;][\/vc_column][\/vc_row][vc_row][vc_column][la_divider height=\u00bblg:100px;mb:65px;\u00bb][\/vc_column][\/vc_row][vc_row content_placement=\u00bbmiddle\u00bb][vc_column width=\u00bb5\/12&#8243;][la_heading alignment=\u00bbleft\u00bb subtitle_class=\u00bblight font-size-16&#8243; title_color=\u00bb#847C77&#8243;]L\u00ednea de tiempos Esculturas murales de madera de Cecilia Teruel. La l\u00ednea es el elemento de conexi\u00f3n entre los tejidos de memoria que implican tiempos detenidos. Paradojas del tiempo construidas de hilos, nudos, trama. Pensar el tiempo como el sentido de esa l\u00ednea que construye la obra, es otro intento de&hellip;<\/p>\n","protected":false},"author":1,"featured_media":0,"parent":0,"menu_order":0,"comment_status":"closed","ping_status":"closed","template":"","meta":{"footnotes":""},"class_list":["post-2332","page","type-page","status-publish","hentry"],"_links":{"self":[{"href":"https:\/\/gdz-design.com\/clientes\/ceciliateruel\/wp-json\/wp\/v2\/pages\/2332","targetHints":{"allow":["GET"]}}],"collection":[{"href":"https:\/\/gdz-design.com\/clientes\/ceciliateruel\/wp-json\/wp\/v2\/pages"}],"about":[{"href":"https:\/\/gdz-design.com\/clientes\/ceciliateruel\/wp-json\/wp\/v2\/types\/page"}],"author":[{"embeddable":true,"href":"https:\/\/gdz-design.com\/clientes\/ceciliateruel\/wp-json\/wp\/v2\/users\/1"}],"replies":[{"embeddable":true,"href":"https:\/\/gdz-design.com\/clientes\/ceciliateruel\/wp-json\/wp\/v2\/comments?post=2332"}],"version-history":[{"count":20,"href":"https:\/\/gdz-design.com\/clientes\/ceciliateruel\/wp-json\/wp\/v2\/pages\/2332\/revisions"}],"predecessor-version":[{"id":2683,"href":"https:\/\/gdz-design.com\/clientes\/ceciliateruel\/wp-json\/wp\/v2\/pages\/2332\/revisions\/2683"}],"wp:attachment":[{"href":"https:\/\/gdz-design.com\/clientes\/ceciliateruel\/wp-json\/wp\/v2\/media?parent=2332"}],"curies":[{"name":"wp","href":"https:\/\/api.w.org\/{rel}","templated":true}]}}